{"id":1059,"date":"2017-03-15T11:28:46","date_gmt":"2017-03-15T10:28:46","guid":{"rendered":"http:\/\/studio-animacao.net\/blogo\/?page_id=1059"},"modified":"2019-09-25T11:20:10","modified_gmt":"2019-09-25T09:20:10","slug":"semaphore","status":"publish","type":"page","link":"http:\/\/studio-animacao.net\/blogo\/semaphore\/","title":{"rendered":"S\u00e9maphore : aider les enfants"},"content":{"rendered":"<p>Le projet <strong>S\u00e9maphore<\/strong> est n\u00e9 de la rencontre avec <strong>Chantal Zaouche Gaudron<\/strong>,\u00a0 chercheuse en psychologie \u00e0 l&rsquo;Universit\u00e9 Jean Jaur\u00e8s de Toulouse et\u00a0 sp\u00e9cialiste de l&rsquo;enfance.<\/p>\n<p>Chantal Zaouche Gaudron avait contact\u00e9 l&rsquo;association en 2012 afin de savoir si nous pouvions faire r\u00e9aliser, en ateliers, des <strong>films d&rsquo;animation en 3D<\/strong> \u00e0 de jeunes enfants sur le th\u00e8me des <strong>violences conjugales<\/strong>.<\/p>\n<p>Nous avons ainsi men\u00e9 des ateliers dans deux classes de deux \u00e9coles diff\u00e9rentes, une de CE1\u00a0 situ\u00e9e dans le <strong>quartier Bellefontaine \u00e0 Toulouse<\/strong>, une autre en milieu rural \u00e0 <strong>Saint Martory<\/strong>.<\/p>\n<p>Au cours de ces ateliers, nous \u00e9tions accompagn\u00e9s par <strong>Olivia Paul<\/strong>, une \u00e9tudiante du psychologie, qui travaillait sur le d\u00e9veloppement des enfants victimes de violences conjugales dans le cadre de sa th\u00e8se.<\/p>\n<p><strong>Une vingtaine de films que quelques minutes ont \u00e9t\u00e9 r\u00e9alis\u00e9s par les enfants<\/strong>, ces films abordaient d\u00e9j\u00e0 spontan\u00e9ment tous les th\u00e8mes les plus importants que l&rsquo;on retrouve chez les enfants expos\u00e9s aux violences conjugales.<\/p>\n<p><img decoding=\"async\" loading=\"lazy\" class=\"aligncenter wp-image-1060 size-medium\" src=\"http:\/\/studio-animacao.net\/blogo\/wp-content\/uploads\/2017\/03\/violencesdefamille12-300x160.jpg\" alt=\"violencesdefamille12\" width=\"300\" height=\"160\" srcset=\"http:\/\/studio-animacao.net\/blogo\/wp-content\/uploads\/2017\/03\/violencesdefamille12-300x160.jpg 300w, http:\/\/studio-animacao.net\/blogo\/wp-content\/uploads\/2017\/03\/violencesdefamille12.jpg 700w\" sizes=\"(max-width: 300px) 100vw, 300px\" \/><br \/>\n<iframe loading=\"lazy\" src=\"https:\/\/www.youtube.com\/embed\/xsgRqinft4M?rel=0&amp;controls=0\" width=\"560\" height=\"315\" frameborder=\"0\" allowfullscreen=\"allowfullscreen\"><\/iframe><\/p>\n<p><iframe loading=\"lazy\" src=\"https:\/\/www.youtube.com\/embed\/g8kgN2396z4?rel=0&amp;controls=0\" width=\"560\" height=\"315\" frameborder=\"0\" allowfullscreen=\"allowfullscreen\"><\/iframe><\/p>\n<p><strong>Suite \u00e0 cette exp\u00e9rience et\u00a0 gr\u00e2ce \u00e0 l&rsquo;aide de la Pr\u00e9fecture de la Haute Garonne, l&rsquo;association est intervenue dans 23 classes de 3 \u00e9tablissements situ\u00e9s en zone de s\u00e9curit\u00e9 prioritaire afin de proposer aux enfants un moment de r\u00e9flexion et discussion autour des violences et des violences conjugales<\/strong>.<\/p>\n<p><img decoding=\"async\" loading=\"lazy\" class=\"aligncenter size-full wp-image-1063\" src=\"http:\/\/studio-animacao.net\/blogo\/wp-content\/uploads\/2017\/03\/boubascene2.jpg\" alt=\"boubascene2\" width=\"369\" height=\"310\" srcset=\"http:\/\/studio-animacao.net\/blogo\/wp-content\/uploads\/2017\/03\/boubascene2.jpg 369w, http:\/\/studio-animacao.net\/blogo\/wp-content\/uploads\/2017\/03\/boubascene2-300x252.jpg 300w\" sizes=\"(max-width: 369px) 100vw, 369px\" \/><\/p>\n<p>Ces interventions commen\u00e7aient par un spectacle de marionnettes virtuelles sur la diff\u00e9rences entre conflit et violence et servait de point de d\u00e9part \u00e0 des discussions sur l&rsquo;interdiction de la violence, les diff\u00e9rentes formes de violences, comment et o\u00f9 trouver de l&rsquo;aide. <strong>Un DVD<\/strong> comprenant certains films r\u00e9alis\u00e9s par les enfants sur les violences conjugales et <strong>un livret<\/strong> r\u00e9dig\u00e9 par Chantal Zaouche-Gaudron sur le <strong>\u00ab\u00a0D\u00e9veloppement psychologiques de l&rsquo;enfant expos\u00e9s aux violences conjugales\u00a0\u00bb<\/strong> \u00e9tait donn\u00e9 \u00e0 l&rsquo;enseignant(e) afin de pouvoir, si il\/elle le souhaitait revoir ce sujet avec ses \u00e9l\u00e8ves.<\/p>\n<p><img decoding=\"async\" loading=\"lazy\" class=\"aligncenter wp-image-1064 size-medium\" src=\"http:\/\/studio-animacao.net\/blogo\/wp-content\/uploads\/2017\/03\/dvdlivret-300x206.jpg\" alt=\"dvdlivret\" width=\"300\" height=\"206\" srcset=\"http:\/\/studio-animacao.net\/blogo\/wp-content\/uploads\/2017\/03\/dvdlivret-300x206.jpg 300w, http:\/\/studio-animacao.net\/blogo\/wp-content\/uploads\/2017\/03\/dvdlivret-768x528.jpg 768w, http:\/\/studio-animacao.net\/blogo\/wp-content\/uploads\/2017\/03\/dvdlivret.jpg 787w\" sizes=\"(max-width: 300px) 100vw, 300px\" \/><\/p>\n<p>Suite \u00e0 ces exp\u00e9riences, l&rsquo;association Anima\u00e7\u00e3o a souhait\u00e9 poursuivre ce projet <strong>en d\u00e9veloppant un outil en direction des professionnels de l&rsquo;enfance<\/strong>. Un logiciel de marionnettes virtuelles am\u00e9nag\u00e9 pour les professionnels afin de pouvoir cr\u00e9er des personnages, les mettre en situation et recueillir au mieux et le plus spontan\u00e9ment possible la parole de l&rsquo;enfant.<\/p>\n<p>Un livre \u00e9crit par Chantal Zaouche Gaudron et co-\u00e9crit par Jean-Jacques Flores et C\u00e9line Jaspart pour l\u00a0\u00bbassociation Anima\u00e7\u00e3o ainsi que par Olivia Paul et Nathalie Savard a \u00e9t\u00e9 \u00e9dit\u00e9 par les \u00e9ditions Eres en mars 2016 :<strong> \u00ab\u00a0Expos\u00e9s aux violences conjugales, les enfants de l&rsquo;oubli\u00a0\u00bb.<\/strong><\/p>\n<p><img decoding=\"async\" loading=\"lazy\" class=\"aligncenter size-full wp-image-1065\" src=\"http:\/\/studio-animacao.net\/blogo\/wp-content\/uploads\/2017\/03\/Exposes-aux-violences-conjugales-les-enfants-de-l-oubli.jpg\" alt=\"Exposes-aux-violences-conjugales-les-enfants-de-l-oubli\" width=\"340\" height=\"340\" srcset=\"http:\/\/studio-animacao.net\/blogo\/wp-content\/uploads\/2017\/03\/Exposes-aux-violences-conjugales-les-enfants-de-l-oubli.jpg 340w, http:\/\/studio-animacao.net\/blogo\/wp-content\/uploads\/2017\/03\/Exposes-aux-violences-conjugales-les-enfants-de-l-oubli-150x150.jpg 150w, http:\/\/studio-animacao.net\/blogo\/wp-content\/uploads\/2017\/03\/Exposes-aux-violences-conjugales-les-enfants-de-l-oubli-300x300.jpg 300w\" sizes=\"(max-width: 340px) 100vw, 340px\" \/><\/p>\n<p>Aid\u00e9s \u00e0 nouveau par la <strong>Pr\u00e9fecture de la Haute Garonne et l&rsquo;Universit\u00e9 Jean-Jaur\u00e8s de Toulouse,\u00a0<\/strong> l&rsquo;outil est finalis\u00e9 mais n\u00e9cessiterait davantage d&rsquo;aide de la part des institutions et pouvoirs publics pour se d\u00e9velopper dans les meilleures conditions possibles. L&rsquo;association a toujours du mal, malgr\u00e9 les derni\u00e8res annonces faites en direction de l&rsquo;aide aux enfants victimes, \u00e0 faire valoir le caract\u00e8re primordial de cette prise en charge de l&rsquo;enfant dans les meilleures conditions.<\/p>\n<p><strong>Le Centre M\u00e9dico-Psycho-P\u00e9dagogique de Rodez<\/strong> est, depuis mars 2017, partie prenante de ce projet en testant l&rsquo;outil dans une d\u00e9marche d&rsquo;utilisation entre les diff\u00e9rents services.<\/p>\n<p><img decoding=\"async\" loading=\"lazy\" class=\"aligncenter wp-image-1066 size-medium\" src=\"http:\/\/studio-animacao.net\/blogo\/wp-content\/uploads\/2017\/03\/rodez4-1-300x220.jpg\" alt=\"rodez4\" width=\"300\" height=\"220\" srcset=\"http:\/\/studio-animacao.net\/blogo\/wp-content\/uploads\/2017\/03\/rodez4-1-300x220.jpg 300w, http:\/\/studio-animacao.net\/blogo\/wp-content\/uploads\/2017\/03\/rodez4-1-768x563.jpg 768w, http:\/\/studio-animacao.net\/blogo\/wp-content\/uploads\/2017\/03\/rodez4-1.jpg 787w\" sizes=\"(max-width: 300px) 100vw, 300px\" \/><\/p>\n<p>Des ateliers <strong>\u00ab\u00a0S&rsquo;exprimer et agir pour dire non \u00e0 la violence\u00a0\u00bb<\/strong> ont \u00e9t\u00e9 mis en place avec l&rsquo;association <strong>Femmes de Papier<\/strong>, \u00e0 Saint-Gaudens, gr\u00e2ce au soutien de la <strong>Fondation de France<\/strong>. Des enfants de 5 \u00e0 14 ans ont pu utiliser S\u00e9maphore et ses mario.net pour illustrer des situations et s&rsquo;exprimer face \u00e0 la violence.<\/p>\n<p>Pour plus d&rsquo;informations, n&rsquo;h\u00e9sitez pas \u00e0 nous contacter au <strong>07 85 85 32 60<\/strong>.<\/p>\n","protected":false},"excerpt":{"rendered":"<p>Le projet S\u00e9maphore est n\u00e9 de la rencontre avec Chantal Zaouche Gaudron,\u00a0 chercheuse en psychologie \u00e0 l&rsquo;Universit\u00e9 Jean Jaur\u00e8s de Toulouse et\u00a0 sp\u00e9cialiste de l&rsquo;enfance. Chantal Zaouche Gaudron avait contact\u00e9 l&rsquo;association en 2012 afin de savoir si nous pouvions faire &hellip; <a href=\"http:\/\/studio-animacao.net\/blogo\/semaphore\/\">Continuer la lecture <span class=\"meta-nav\">&rarr;<\/span><\/a><\/p>\n","protected":false},"author":1,"featured_media":1064,"parent":0,"menu_order":0,"comment_status":"closed","ping_status":"closed","template":"","meta":[],"yoast_head":"<!-- This site is optimized with the Yoast SEO plugin v20.9 - https:\/\/yoast.com\/wordpress\/plugins\/seo\/ -->\n<title>S\u00e9maphore : aider les enfants - Le BLOGO d&#039;Anima\u00e7\u00e3o<\/title>\n<meta name=\"robots\" content=\"index, follow, max-snippet:-1, max-image-preview:large, max-video-preview:-1\" \/>\n<link rel=\"canonical\" href=\"http:\/\/studio-animacao.net\/blogo\/semaphore\/\" \/>\n<meta property=\"og:locale\" content=\"fr_FR\" \/>\n<meta property=\"og:type\" content=\"article\" \/>\n<meta property=\"og:title\" content=\"S\u00e9maphore : aider les enfants - Le BLOGO d&#039;Anima\u00e7\u00e3o\" \/>\n<meta property=\"og:description\" content=\"Le projet S\u00e9maphore est n\u00e9 de la rencontre avec Chantal Zaouche Gaudron,\u00a0 chercheuse en psychologie \u00e0 l&rsquo;Universit\u00e9 Jean Jaur\u00e8s de Toulouse et\u00a0 sp\u00e9cialiste de l&rsquo;enfance. Chantal Zaouche Gaudron avait contact\u00e9 l&rsquo;association en 2012 afin de savoir si nous pouvions faire &hellip; Continuer la lecture &rarr;\" \/>\n<meta property=\"og:url\" content=\"http:\/\/studio-animacao.net\/blogo\/semaphore\/\" \/>\n<meta property=\"og:site_name\" content=\"Le BLOGO d&#039;Anima\u00e7\u00e3o\" \/>\n<meta property=\"article:publisher\" content=\"https:\/\/www.facebook.com\/associationAnimacao\" \/>\n<meta property=\"article:modified_time\" content=\"2019-09-25T09:20:10+00:00\" \/>\n<meta property=\"og:image\" content=\"http:\/\/studio-animacao.net\/blogo\/wp-content\/uploads\/2017\/03\/dvdlivret.jpg\" \/>\n\t<meta property=\"og:image:width\" content=\"787\" \/>\n\t<meta property=\"og:image:height\" content=\"541\" \/>\n\t<meta property=\"og:image:type\" content=\"image\/jpeg\" \/>\n<meta name=\"twitter:card\" content=\"summary_large_image\" \/>\n<meta name=\"twitter:label1\" content=\"Dur\u00e9e de lecture estim\u00e9e\" \/>\n\t<meta name=\"twitter:data1\" content=\"3 minutes\" \/>\n<script type=\"application\/ld+json\" class=\"yoast-schema-graph\">{\"@context\":\"https:\/\/schema.org\",\"@graph\":[{\"@type\":\"WebPage\",\"@id\":\"http:\/\/studio-animacao.net\/blogo\/semaphore\/\",\"url\":\"http:\/\/studio-animacao.net\/blogo\/semaphore\/\",\"name\":\"S\u00e9maphore : aider les enfants - Le BLOGO d&#039;Anima\u00e7\u00e3o\",\"isPartOf\":{\"@id\":\"http:\/\/studio-animacao.net\/blogo\/#website\"},\"datePublished\":\"2017-03-15T10:28:46+00:00\",\"dateModified\":\"2019-09-25T09:20:10+00:00\",\"breadcrumb\":{\"@id\":\"http:\/\/studio-animacao.net\/blogo\/semaphore\/#breadcrumb\"},\"inLanguage\":\"fr-FR\",\"potentialAction\":[{\"@type\":\"ReadAction\",\"target\":[\"http:\/\/studio-animacao.net\/blogo\/semaphore\/\"]}]},{\"@type\":\"BreadcrumbList\",\"@id\":\"http:\/\/studio-animacao.net\/blogo\/semaphore\/#breadcrumb\",\"itemListElement\":[{\"@type\":\"ListItem\",\"position\":1,\"name\":\"Accueil\",\"item\":\"http:\/\/studio-animacao.net\/blogo\/\"},{\"@type\":\"ListItem\",\"position\":2,\"name\":\"S\u00e9maphore : aider les enfants\"}]},{\"@type\":\"WebSite\",\"@id\":\"http:\/\/studio-animacao.net\/blogo\/#website\",\"url\":\"http:\/\/studio-animacao.net\/blogo\/\",\"name\":\"Le BLOGO d'Anima\u00e7\u00e3o\",\"description\":\"le BLOGO des marios (net ou pas)\",\"publisher\":{\"@id\":\"http:\/\/studio-animacao.net\/blogo\/#organization\"},\"potentialAction\":[{\"@type\":\"SearchAction\",\"target\":{\"@type\":\"EntryPoint\",\"urlTemplate\":\"http:\/\/studio-animacao.net\/blogo\/?s={search_term_string}\"},\"query-input\":\"required name=search_term_string\"}],\"inLanguage\":\"fr-FR\"},{\"@type\":\"Organization\",\"@id\":\"http:\/\/studio-animacao.net\/blogo\/#organization\",\"name\":\"Le BLOGO d'Anima\u00e7\u00e3o\",\"url\":\"http:\/\/studio-animacao.net\/blogo\/\",\"logo\":{\"@type\":\"ImageObject\",\"inLanguage\":\"fr-FR\",\"@id\":\"http:\/\/studio-animacao.net\/blogo\/#\/schema\/logo\/image\/\",\"url\":\"http:\/\/studio-animacao.net\/blogo\/wp-content\/uploads\/2023\/06\/Animlogo.jpg\",\"contentUrl\":\"http:\/\/studio-animacao.net\/blogo\/wp-content\/uploads\/2023\/06\/Animlogo.jpg\",\"width\":400,\"height\":227,\"caption\":\"Le BLOGO d'Anima\u00e7\u00e3o\"},\"image\":{\"@id\":\"http:\/\/studio-animacao.net\/blogo\/#\/schema\/logo\/image\/\"},\"sameAs\":[\"https:\/\/www.facebook.com\/associationAnimacao\",\"https:\/\/www.instagram.com\/associationanimacao\/\"]}]}<\/script>\n<!-- \/ Yoast SEO plugin. -->","yoast_head_json":{"title":"S\u00e9maphore : aider les enfants - Le BLOGO d&#039;Anima\u00e7\u00e3o","robots":{"index":"index","follow":"follow","max-snippet":"max-snippet:-1","max-image-preview":"max-image-preview:large","max-video-preview":"max-video-preview:-1"},"canonical":"http:\/\/studio-animacao.net\/blogo\/semaphore\/","og_locale":"fr_FR","og_type":"article","og_title":"S\u00e9maphore : aider les enfants - Le BLOGO d&#039;Anima\u00e7\u00e3o","og_description":"Le projet S\u00e9maphore est n\u00e9 de la rencontre avec Chantal Zaouche Gaudron,\u00a0 chercheuse en psychologie \u00e0 l&rsquo;Universit\u00e9 Jean Jaur\u00e8s de Toulouse et\u00a0 sp\u00e9cialiste de l&rsquo;enfance. Chantal Zaouche Gaudron avait contact\u00e9 l&rsquo;association en 2012 afin de savoir si nous pouvions faire &hellip; Continuer la lecture &rarr;","og_url":"http:\/\/studio-animacao.net\/blogo\/semaphore\/","og_site_name":"Le BLOGO d&#039;Anima\u00e7\u00e3o","article_publisher":"https:\/\/www.facebook.com\/associationAnimacao","article_modified_time":"2019-09-25T09:20:10+00:00","og_image":[{"width":787,"height":541,"url":"http:\/\/studio-animacao.net\/blogo\/wp-content\/uploads\/2017\/03\/dvdlivret.jpg","type":"image\/jpeg"}],"twitter_card":"summary_large_image","twitter_misc":{"Dur\u00e9e de lecture estim\u00e9e":"3 minutes"},"schema":{"@context":"https:\/\/schema.org","@graph":[{"@type":"WebPage","@id":"http:\/\/studio-animacao.net\/blogo\/semaphore\/","url":"http:\/\/studio-animacao.net\/blogo\/semaphore\/","name":"S\u00e9maphore : aider les enfants - Le BLOGO d&#039;Anima\u00e7\u00e3o","isPartOf":{"@id":"http:\/\/studio-animacao.net\/blogo\/#website"},"datePublished":"2017-03-15T10:28:46+00:00","dateModified":"2019-09-25T09:20:10+00:00","breadcrumb":{"@id":"http:\/\/studio-animacao.net\/blogo\/semaphore\/#breadcrumb"},"inLanguage":"fr-FR","potentialAction":[{"@type":"ReadAction","target":["http:\/\/studio-animacao.net\/blogo\/semaphore\/"]}]},{"@type":"BreadcrumbList","@id":"http:\/\/studio-animacao.net\/blogo\/semaphore\/#breadcrumb","itemListElement":[{"@type":"ListItem","position":1,"name":"Accueil","item":"http:\/\/studio-animacao.net\/blogo\/"},{"@type":"ListItem","position":2,"name":"S\u00e9maphore : aider les enfants"}]},{"@type":"WebSite","@id":"http:\/\/studio-animacao.net\/blogo\/#website","url":"http:\/\/studio-animacao.net\/blogo\/","name":"Le BLOGO d'Anima\u00e7\u00e3o","description":"le BLOGO des marios (net ou pas)","publisher":{"@id":"http:\/\/studio-animacao.net\/blogo\/#organization"},"potentialAction":[{"@type":"SearchAction","target":{"@type":"EntryPoint","urlTemplate":"http:\/\/studio-animacao.net\/blogo\/?s={search_term_string}"},"query-input":"required name=search_term_string"}],"inLanguage":"fr-FR"},{"@type":"Organization","@id":"http:\/\/studio-animacao.net\/blogo\/#organization","name":"Le BLOGO d'Anima\u00e7\u00e3o","url":"http:\/\/studio-animacao.net\/blogo\/","logo":{"@type":"ImageObject","inLanguage":"fr-FR","@id":"http:\/\/studio-animacao.net\/blogo\/#\/schema\/logo\/image\/","url":"http:\/\/studio-animacao.net\/blogo\/wp-content\/uploads\/2023\/06\/Animlogo.jpg","contentUrl":"http:\/\/studio-animacao.net\/blogo\/wp-content\/uploads\/2023\/06\/Animlogo.jpg","width":400,"height":227,"caption":"Le BLOGO d'Anima\u00e7\u00e3o"},"image":{"@id":"http:\/\/studio-animacao.net\/blogo\/#\/schema\/logo\/image\/"},"sameAs":["https:\/\/www.facebook.com\/associationAnimacao","https:\/\/www.instagram.com\/associationanimacao\/"]}]}},"_links":{"self":[{"href":"http:\/\/studio-animacao.net\/blogo\/wp-json\/wp\/v2\/pages\/1059"}],"collection":[{"href":"http:\/\/studio-animacao.net\/blogo\/wp-json\/wp\/v2\/pages"}],"about":[{"href":"http:\/\/studio-animacao.net\/blogo\/wp-json\/wp\/v2\/types\/page"}],"author":[{"embeddable":true,"href":"http:\/\/studio-animacao.net\/blogo\/wp-json\/wp\/v2\/users\/1"}],"replies":[{"embeddable":true,"href":"http:\/\/studio-animacao.net\/blogo\/wp-json\/wp\/v2\/comments?post=1059"}],"version-history":[{"count":4,"href":"http:\/\/studio-animacao.net\/blogo\/wp-json\/wp\/v2\/pages\/1059\/revisions"}],"predecessor-version":[{"id":1687,"href":"http:\/\/studio-animacao.net\/blogo\/wp-json\/wp\/v2\/pages\/1059\/revisions\/1687"}],"wp:featuredmedia":[{"embeddable":true,"href":"http:\/\/studio-animacao.net\/blogo\/wp-json\/wp\/v2\/media\/1064"}],"wp:attachment":[{"href":"http:\/\/studio-animacao.net\/blogo\/wp-json\/wp\/v2\/media?parent=1059"}],"curies":[{"name":"wp","href":"https:\/\/api.w.org\/{rel}","templated":true}]}}