{"id":315,"date":"2014-11-03T15:43:01","date_gmt":"2014-11-03T14:43:01","guid":{"rendered":"http:\/\/studio-animacao.net\/blogo\/?page_id=315"},"modified":"2015-05-21T16:11:01","modified_gmt":"2015-05-21T14:11:01","slug":"mireye","status":"publish","type":"page","link":"http:\/\/studio-animacao.net\/blogo\/mireye\/","title":{"rendered":"Mir(eye)"},"content":{"rendered":"<p style=\"text-align: center;\"><strong>Mir(eye)<\/strong> est un projet de webemission r\u00e9alis\u00e9e par des enfants de 7 \u00e0 11 ans et encadr\u00e9e par l&rsquo;association Anima\u00e7\u00e3o.<\/p>\n<p style=\"text-align: center;\">C&rsquo;est une autre fa\u00e7on de d\u00e9couvrir des quartiers toulousains au gr\u00e9 des saisons et \u00e0 travers les yeux malicieux de ses jeunes habitants et d&rsquo;un pr\u00e9sentateur(trice) \u00e9tonnant(e).<\/p>\n<p style=\"text-align: center;\"><a href=\"http:\/\/studio-animacao.net\/blogo\/wp-content\/uploads\/2014\/07\/cleolac.jpg\"><img decoding=\"async\" loading=\"lazy\" class=\"aligncenter wp-image-237 size-medium\" src=\"http:\/\/studio-animacao.net\/blogo\/wp-content\/uploads\/2014\/07\/cleolac-300x208.jpg\" alt=\"cleolac\" width=\"300\" height=\"208\" srcset=\"http:\/\/studio-animacao.net\/blogo\/wp-content\/uploads\/2014\/07\/cleolac-300x208.jpg 300w, http:\/\/studio-animacao.net\/blogo\/wp-content\/uploads\/2014\/07\/cleolac.jpg 425w\" sizes=\"(max-width: 300px) 100vw, 300px\" \/><\/a><\/p>\n<p style=\"text-align: center;\">La premi\u00e8re \u00e9mission, pr\u00e9sent\u00e9e par Cl\u00e9o et r\u00e9alis\u00e9e par les enfants du centre de loisirs de la Reynerie vous fait d\u00e9couvrir le quartier de la Reynerie sous le soleil d&rsquo;\u00e9t\u00e9&#8230;<\/p>\n<p style=\"text-align: center;\"><iframe loading=\"lazy\" src=\"\/\/www.youtube.com\/embed\/or0_MOKBL14\" width=\"560\" height=\"315\" frameborder=\"0\" allowfullscreen=\"allowfullscreen\"><\/iframe><\/p>\n<p style=\"text-align: center;\">La deuxi\u00e8me \u00e9mission automnale fut r\u00e9alis\u00e9e par les enfants du centre de loisirs Alban Minville et vous pr\u00e9sente le quartier Bellefontaine guid\u00e9s par Ben.<\/p>\n<p style=\"text-align: center;\"><a href=\"http:\/\/studio-animacao.net\/blogo\/wp-content\/uploads\/2014\/10\/Ben-03.jpg\"><img decoding=\"async\" loading=\"lazy\" class=\"aligncenter wp-image-312 size-medium\" src=\"http:\/\/studio-animacao.net\/blogo\/wp-content\/uploads\/2014\/10\/Ben-03-300x131.jpg\" alt=\"Ben 03\" width=\"300\" height=\"131\" srcset=\"http:\/\/studio-animacao.net\/blogo\/wp-content\/uploads\/2014\/10\/Ben-03-300x131.jpg 300w, http:\/\/studio-animacao.net\/blogo\/wp-content\/uploads\/2014\/10\/Ben-03.jpg 800w\" sizes=\"(max-width: 300px) 100vw, 300px\" \/><\/a><\/p>\n<p style=\"text-align: center;\"><iframe loading=\"lazy\" src=\"\/\/www.youtube.com\/embed\/PUXgjm5iKSo\" width=\"560\" height=\"315\" frameborder=\"0\" allowfullscreen=\"allowfullscreen\"><\/iframe><\/p>\n<p style=\"text-align: center;\">La troisi\u00e8me \u00e9mission de Mir(eye) s&rsquo;est tourn\u00e9e \u00e0 la Faourette, en hiver, avec le Centre Sports et Loisirs. Elle est pr\u00e9sent\u00e9e par Farid et Oscar&#8230;<\/p>\n<div id=\"attachment_426\" style=\"width: 160px\" class=\"wp-caption alignleft\"><a href=\"http:\/\/studio-animacao.net\/blogo\/wp-content\/uploads\/2015\/02\/marcheoscar3.jpg\"><img aria-describedby=\"caption-attachment-426\" decoding=\"async\" loading=\"lazy\" class=\"wp-image-426 size-thumbnail\" src=\"http:\/\/studio-animacao.net\/blogo\/wp-content\/uploads\/2015\/02\/marcheoscar3-150x150.jpg\" alt=\"marcheoscar3\" width=\"150\" height=\"150\" \/><\/a><p id=\"caption-attachment-426\" class=\"wp-caption-text\">OSCAR<\/p><\/div>\n<div id=\"attachment_418\" style=\"width: 160px\" class=\"wp-caption alignright\"><a href=\"http:\/\/studio-animacao.net\/blogo\/wp-content\/uploads\/2015\/02\/faidfoot.jpg\"><img aria-describedby=\"caption-attachment-418\" decoding=\"async\" loading=\"lazy\" class=\"wp-image-418 size-thumbnail\" src=\"http:\/\/studio-animacao.net\/blogo\/wp-content\/uploads\/2015\/02\/faidfoot-150x150.jpg\" alt=\"OLYMPUS DIGITAL CAMERA\" width=\"150\" height=\"150\" \/><\/a><p id=\"caption-attachment-418\" class=\"wp-caption-text\">FARID<\/p><\/div>\n<p>&nbsp;<\/p>\n<p style=\"text-align: center;\"><iframe loading=\"lazy\" src=\"https:\/\/www.youtube.com\/embed\/F710ec1sTBg?rel=0\" width=\"560\" height=\"315\" frameborder=\"0\" allowfullscreen=\"allowfullscreen\"><\/iframe><\/p>\n<p style=\"text-align: center;\">La quatri\u00e8me et derni\u00e8re \u00e9mission de Mir(eye) a \u00e9t\u00e9 r\u00e9alis\u00e9e au Centre de Loisirs de M\u00e9t\u00e9o France au printemps. Elle est pr\u00e9sent\u00e9e par Niji et Francky.<\/p>\n<p style=\"text-align: center;\"><a href=\"http:\/\/studio-animacao.net\/blogo\/wp-content\/uploads\/2014\/11\/franckybouleniji.jpg\"><img decoding=\"async\" loading=\"lazy\" class=\"aligncenter wp-image-636 size-medium\" src=\"http:\/\/studio-animacao.net\/blogo\/wp-content\/uploads\/2014\/11\/franckybouleniji-300x142.jpg\" alt=\"franckybouleniji\" width=\"300\" height=\"142\" srcset=\"http:\/\/studio-animacao.net\/blogo\/wp-content\/uploads\/2014\/11\/franckybouleniji-300x142.jpg 300w, http:\/\/studio-animacao.net\/blogo\/wp-content\/uploads\/2014\/11\/franckybouleniji-1024x485.jpg 1024w, http:\/\/studio-animacao.net\/blogo\/wp-content\/uploads\/2014\/11\/franckybouleniji.jpg 1532w\" sizes=\"(max-width: 300px) 100vw, 300px\" \/><\/a><\/p>\n<p style=\"text-align: center;\"><iframe loading=\"lazy\" src=\"https:\/\/www.youtube.com\/embed\/SLXqYVKlBgU?rel=0\" width=\"560\" height=\"315\" frameborder=\"0\" allowfullscreen=\"allowfullscreen\"><\/iframe><\/p>\n<p style=\"text-align: center;\">Merci \u00e0 tous les enfants qui ont particip\u00e9 au projet, aux structures qui nous ont accueillies ainsi qu&rsquo;\u00e0 la Mairie de Toulouse et la DRAC Midi Pyr\u00e9n\u00e9es pour nous avoir soutenu.<\/p>\n","protected":false},"excerpt":{"rendered":"<p>Mir(eye) est un projet de webemission r\u00e9alis\u00e9e par des enfants de 7 \u00e0 11 ans et encadr\u00e9e par l&rsquo;association Anima\u00e7\u00e3o. C&rsquo;est une autre fa\u00e7on de d\u00e9couvrir des quartiers toulousains au gr\u00e9 des saisons et \u00e0 travers les yeux malicieux de &hellip; <a href=\"http:\/\/studio-animacao.net\/blogo\/mireye\/\">Continuer la lecture <span class=\"meta-nav\">&rarr;<\/span><\/a><\/p>\n","protected":false},"author":1,"featured_media":0,"parent":0,"menu_order":0,"comment_status":"closed","ping_status":"open","template":"","meta":[],"yoast_head":"<!-- This site is optimized with the Yoast SEO plugin v20.9 - https:\/\/yoast.com\/wordpress\/plugins\/seo\/ -->\n<title>Mir(eye) - Le BLOGO d&#039;Anima\u00e7\u00e3o<\/title>\n<meta name=\"robots\" content=\"index, follow, max-snippet:-1, max-image-preview:large, max-video-preview:-1\" \/>\n<link rel=\"canonical\" href=\"http:\/\/studio-animacao.net\/blogo\/mireye\/\" \/>\n<meta property=\"og:locale\" content=\"fr_FR\" \/>\n<meta property=\"og:type\" content=\"article\" \/>\n<meta property=\"og:title\" content=\"Mir(eye) - Le BLOGO d&#039;Anima\u00e7\u00e3o\" \/>\n<meta property=\"og:description\" content=\"Mir(eye) est un projet de webemission r\u00e9alis\u00e9e par des enfants de 7 \u00e0 11 ans et encadr\u00e9e par l&rsquo;association Anima\u00e7\u00e3o. C&rsquo;est une autre fa\u00e7on de d\u00e9couvrir des quartiers toulousains au gr\u00e9 des saisons et \u00e0 travers les yeux malicieux de &hellip; Continuer la lecture &rarr;\" \/>\n<meta property=\"og:url\" content=\"http:\/\/studio-animacao.net\/blogo\/mireye\/\" \/>\n<meta property=\"og:site_name\" content=\"Le BLOGO d&#039;Anima\u00e7\u00e3o\" \/>\n<meta property=\"article:publisher\" content=\"https:\/\/www.facebook.com\/associationAnimacao\" \/>\n<meta property=\"article:modified_time\" content=\"2015-05-21T14:11:01+00:00\" \/>\n<meta property=\"og:image\" content=\"http:\/\/studio-animacao.net\/blogo\/wp-content\/uploads\/2014\/07\/cleolac-300x208.jpg\" \/>\n<meta name=\"twitter:card\" content=\"summary_large_image\" \/>\n<meta name=\"twitter:label1\" content=\"Dur\u00e9e de lecture estim\u00e9e\" \/>\n\t<meta name=\"twitter:data1\" content=\"1 minute\" \/>\n<script type=\"application\/ld+json\" class=\"yoast-schema-graph\">{\"@context\":\"https:\/\/schema.org\",\"@graph\":[{\"@type\":\"WebPage\",\"@id\":\"http:\/\/studio-animacao.net\/blogo\/mireye\/\",\"url\":\"http:\/\/studio-animacao.net\/blogo\/mireye\/\",\"name\":\"Mir(eye) - Le BLOGO d&#039;Anima\u00e7\u00e3o\",\"isPartOf\":{\"@id\":\"http:\/\/studio-animacao.net\/blogo\/#website\"},\"datePublished\":\"2014-11-03T14:43:01+00:00\",\"dateModified\":\"2015-05-21T14:11:01+00:00\",\"breadcrumb\":{\"@id\":\"http:\/\/studio-animacao.net\/blogo\/mireye\/#breadcrumb\"},\"inLanguage\":\"fr-FR\",\"potentialAction\":[{\"@type\":\"ReadAction\",\"target\":[\"http:\/\/studio-animacao.net\/blogo\/mireye\/\"]}]},{\"@type\":\"BreadcrumbList\",\"@id\":\"http:\/\/studio-animacao.net\/blogo\/mireye\/#breadcrumb\",\"itemListElement\":[{\"@type\":\"ListItem\",\"position\":1,\"name\":\"Accueil\",\"item\":\"http:\/\/studio-animacao.net\/blogo\/\"},{\"@type\":\"ListItem\",\"position\":2,\"name\":\"Mir(eye)\"}]},{\"@type\":\"WebSite\",\"@id\":\"http:\/\/studio-animacao.net\/blogo\/#website\",\"url\":\"http:\/\/studio-animacao.net\/blogo\/\",\"name\":\"Le BLOGO d'Anima\u00e7\u00e3o\",\"description\":\"le BLOGO des marios (net ou pas)\",\"publisher\":{\"@id\":\"http:\/\/studio-animacao.net\/blogo\/#organization\"},\"potentialAction\":[{\"@type\":\"SearchAction\",\"target\":{\"@type\":\"EntryPoint\",\"urlTemplate\":\"http:\/\/studio-animacao.net\/blogo\/?s={search_term_string}\"},\"query-input\":\"required name=search_term_string\"}],\"inLanguage\":\"fr-FR\"},{\"@type\":\"Organization\",\"@id\":\"http:\/\/studio-animacao.net\/blogo\/#organization\",\"name\":\"Le BLOGO d'Anima\u00e7\u00e3o\",\"url\":\"http:\/\/studio-animacao.net\/blogo\/\",\"logo\":{\"@type\":\"ImageObject\",\"inLanguage\":\"fr-FR\",\"@id\":\"http:\/\/studio-animacao.net\/blogo\/#\/schema\/logo\/image\/\",\"url\":\"http:\/\/studio-animacao.net\/blogo\/wp-content\/uploads\/2023\/06\/Animlogo.jpg\",\"contentUrl\":\"http:\/\/studio-animacao.net\/blogo\/wp-content\/uploads\/2023\/06\/Animlogo.jpg\",\"width\":400,\"height\":227,\"caption\":\"Le BLOGO d'Anima\u00e7\u00e3o\"},\"image\":{\"@id\":\"http:\/\/studio-animacao.net\/blogo\/#\/schema\/logo\/image\/\"},\"sameAs\":[\"https:\/\/www.facebook.com\/associationAnimacao\",\"https:\/\/www.instagram.com\/associationanimacao\/\"]}]}<\/script>\n<!-- \/ Yoast SEO plugin. -->","yoast_head_json":{"title":"Mir(eye) - Le BLOGO d&#039;Anima\u00e7\u00e3o","robots":{"index":"index","follow":"follow","max-snippet":"max-snippet:-1","max-image-preview":"max-image-preview:large","max-video-preview":"max-video-preview:-1"},"canonical":"http:\/\/studio-animacao.net\/blogo\/mireye\/","og_locale":"fr_FR","og_type":"article","og_title":"Mir(eye) - Le BLOGO d&#039;Anima\u00e7\u00e3o","og_description":"Mir(eye) est un projet de webemission r\u00e9alis\u00e9e par des enfants de 7 \u00e0 11 ans et encadr\u00e9e par l&rsquo;association Anima\u00e7\u00e3o. C&rsquo;est une autre fa\u00e7on de d\u00e9couvrir des quartiers toulousains au gr\u00e9 des saisons et \u00e0 travers les yeux malicieux de &hellip; Continuer la lecture &rarr;","og_url":"http:\/\/studio-animacao.net\/blogo\/mireye\/","og_site_name":"Le BLOGO d&#039;Anima\u00e7\u00e3o","article_publisher":"https:\/\/www.facebook.com\/associationAnimacao","article_modified_time":"2015-05-21T14:11:01+00:00","og_image":[{"url":"http:\/\/studio-animacao.net\/blogo\/wp-content\/uploads\/2014\/07\/cleolac-300x208.jpg"}],"twitter_card":"summary_large_image","twitter_misc":{"Dur\u00e9e de lecture estim\u00e9e":"1 minute"},"schema":{"@context":"https:\/\/schema.org","@graph":[{"@type":"WebPage","@id":"http:\/\/studio-animacao.net\/blogo\/mireye\/","url":"http:\/\/studio-animacao.net\/blogo\/mireye\/","name":"Mir(eye) - Le BLOGO d&#039;Anima\u00e7\u00e3o","isPartOf":{"@id":"http:\/\/studio-animacao.net\/blogo\/#website"},"datePublished":"2014-11-03T14:43:01+00:00","dateModified":"2015-05-21T14:11:01+00:00","breadcrumb":{"@id":"http:\/\/studio-animacao.net\/blogo\/mireye\/#breadcrumb"},"inLanguage":"fr-FR","potentialAction":[{"@type":"ReadAction","target":["http:\/\/studio-animacao.net\/blogo\/mireye\/"]}]},{"@type":"BreadcrumbList","@id":"http:\/\/studio-animacao.net\/blogo\/mireye\/#breadcrumb","itemListElement":[{"@type":"ListItem","position":1,"name":"Accueil","item":"http:\/\/studio-animacao.net\/blogo\/"},{"@type":"ListItem","position":2,"name":"Mir(eye)"}]},{"@type":"WebSite","@id":"http:\/\/studio-animacao.net\/blogo\/#website","url":"http:\/\/studio-animacao.net\/blogo\/","name":"Le BLOGO d'Anima\u00e7\u00e3o","description":"le BLOGO des marios (net ou pas)","publisher":{"@id":"http:\/\/studio-animacao.net\/blogo\/#organization"},"potentialAction":[{"@type":"SearchAction","target":{"@type":"EntryPoint","urlTemplate":"http:\/\/studio-animacao.net\/blogo\/?s={search_term_string}"},"query-input":"required name=search_term_string"}],"inLanguage":"fr-FR"},{"@type":"Organization","@id":"http:\/\/studio-animacao.net\/blogo\/#organization","name":"Le BLOGO d'Anima\u00e7\u00e3o","url":"http:\/\/studio-animacao.net\/blogo\/","logo":{"@type":"ImageObject","inLanguage":"fr-FR","@id":"http:\/\/studio-animacao.net\/blogo\/#\/schema\/logo\/image\/","url":"http:\/\/studio-animacao.net\/blogo\/wp-content\/uploads\/2023\/06\/Animlogo.jpg","contentUrl":"http:\/\/studio-animacao.net\/blogo\/wp-content\/uploads\/2023\/06\/Animlogo.jpg","width":400,"height":227,"caption":"Le BLOGO d'Anima\u00e7\u00e3o"},"image":{"@id":"http:\/\/studio-animacao.net\/blogo\/#\/schema\/logo\/image\/"},"sameAs":["https:\/\/www.facebook.com\/associationAnimacao","https:\/\/www.instagram.com\/associationanimacao\/"]}]}},"_links":{"self":[{"href":"http:\/\/studio-animacao.net\/blogo\/wp-json\/wp\/v2\/pages\/315"}],"collection":[{"href":"http:\/\/studio-animacao.net\/blogo\/wp-json\/wp\/v2\/pages"}],"about":[{"href":"http:\/\/studio-animacao.net\/blogo\/wp-json\/wp\/v2\/types\/page"}],"author":[{"embeddable":true,"href":"http:\/\/studio-animacao.net\/blogo\/wp-json\/wp\/v2\/users\/1"}],"replies":[{"embeddable":true,"href":"http:\/\/studio-animacao.net\/blogo\/wp-json\/wp\/v2\/comments?post=315"}],"version-history":[{"count":10,"href":"http:\/\/studio-animacao.net\/blogo\/wp-json\/wp\/v2\/pages\/315\/revisions"}],"predecessor-version":[{"id":638,"href":"http:\/\/studio-animacao.net\/blogo\/wp-json\/wp\/v2\/pages\/315\/revisions\/638"}],"wp:attachment":[{"href":"http:\/\/studio-animacao.net\/blogo\/wp-json\/wp\/v2\/media?parent=315"}],"curies":[{"name":"wp","href":"https:\/\/api.w.org\/{rel}","templated":true}]}}