{"id":87,"date":"2013-09-12T18:12:19","date_gmt":"2013-09-12T16:12:19","guid":{"rendered":"http:\/\/studio-animacao.net\/blogo\/?page_id=87"},"modified":"2014-12-10T18:14:04","modified_gmt":"2014-12-10T17:14:04","slug":"magnet","status":"publish","type":"page","link":"http:\/\/studio-animacao.net\/blogo\/magnet\/","title":{"rendered":"MAG&rsquo;NET"},"content":{"rendered":"<p><a href=\"http:\/\/studio-animacao.net\/blogo\/magnet\/bando\/\" rel=\"attachment wp-att-88\"><img decoding=\"async\" loading=\"lazy\" class=\"size-medium wp-image-88 alignleft\" title=\"bando\" src=\"http:\/\/studio-animacao.net\/blogo\/wp-content\/uploads\/2013\/09\/bando-300x150.jpg\" alt=\"le trio de Mag'Net\" width=\"300\" height=\"150\" srcset=\"http:\/\/studio-animacao.net\/blogo\/wp-content\/uploads\/2013\/09\/bando-300x150.jpg 300w, http:\/\/studio-animacao.net\/blogo\/wp-content\/uploads\/2013\/09\/bando.jpg 800w\" sizes=\"(max-width: 300px) 100vw, 300px\" \/><\/a>Mag&rsquo;net est le nouveau projet d&rsquo;Anima\u00e7\u00e3o l&rsquo;h\u00f4pital des enfants de Toulouse. Aid\u00e9 par H\u00f4pital Sourire, ce projet est la r\u00e9alisation d&rsquo;un magazine t\u00e9l\u00e9vis\u00e9 diffus\u00e9 sur T\u00e9l\u00e9 Tam-Tam. Cette \u00e9mission est anim\u00e9e par des marionnettes virtuelles cr\u00e9\u00e9es et anim\u00e9es par les enfants hospitalis\u00e9s et aborde des sujets qui leur tienne \u00e0 c\u0153ur! <strong>Tim<\/strong>, <strong>Milly<\/strong> et<strong> Elliott<\/strong> sont les animateurs de l&rsquo;\u00e9mission <strong>MAG&rsquo;NET<\/strong>, une \u00e9mission t\u00e9l\u00e9vis\u00e9e mensuelle diffus\u00e9e sur T\u00e9l\u00e9 TAM-TAM (la chaine interne de l&rsquo;H\u00f4pital des Enfants de Toulouse) . MAG&rsquo;NET a la particularit\u00e9 d&rsquo;\u00eatre r\u00e9alis\u00e9e par les enfants qui cr\u00e9ent les animateurs virtuels, les manipulent et leur pr\u00eatent leur voix.<\/p>\n<p><strong>La cinqui\u00e8me \u00e9mission de Mag&rsquo;Net est enfin en ligne :<\/strong><br \/>\n<iframe loading=\"lazy\" src=\"\/\/www.youtube.com\/embed\/RzK7MPLHUJA?list=PLEyz0qPu0cyasawPJGCbmp_CI7FpPLXZD\" width=\"560\" height=\"315\" frameborder=\"0\" allowfullscreen=\"allowfullscreen\"><\/iframe><\/p>\n<p><strong>La quatri\u00e8me \u00e9mission de Mag&rsquo;Net est en ligne ici :<\/strong><br \/>\n<iframe loading=\"lazy\" src=\"\/\/www.youtube.com\/embed\/ChuRF2_cjp8?list=PL0moxQ5AkSZ1B2S3kK7rPzWzT4km8ZLcI\" width=\"560\" height=\"315\" frameborder=\"0\" allowfullscreen=\"allowfullscreen\"><\/iframe><br \/>\n<strong>La troisi\u00e8me \u00e9mission de Mag&rsquo;Net :<\/strong><\/p>\n<p><iframe loading=\"lazy\" src=\"\/\/www.youtube.com\/embed\/mKERD3lnvhs?list=PL0moxQ5AkSZ1B2S3kK7rPzWzT4km8ZLcI\" width=\"420\" height=\"236\" frameborder=\"0\" allowfullscreen=\"allowfullscreen\"><\/iframe><\/p>\n<p><strong>La deuxi\u00e8me \u00e9mission de Mag&rsquo;Net est ici:<\/strong><\/p>\n<p><iframe loading=\"lazy\" src=\"\/\/www.youtube.com\/embed\/dESJOSFIAcQ?list=UUIcUVci9ZpQFHvvHUCg2KtA\" width=\"560\" height=\"315\" frameborder=\"0\" allowfullscreen=\"allowfullscreen\"><\/iframe><\/p>\n<p><strong>Re d\u00e9couvrez la premi\u00e8re \u00e9mission de Mag&rsquo;Net pour laquelle nous avons du modifier la musique.<br \/>\n<\/strong><\/p>\n<p><iframe loading=\"lazy\" src=\"\/\/www.youtube.com\/embed\/wwYzSm9x9os?list=PL0moxQ5AkSZ1B2S3kK7rPzWzT4km8ZLcI\" width=\"560\" height=\"315\" frameborder=\"0\" allowfullscreen=\"allowfullscreen\"><\/iframe><\/p>\n","protected":false},"excerpt":{"rendered":"<p>Mag&rsquo;net est le nouveau projet d&rsquo;Anima\u00e7\u00e3o l&rsquo;h\u00f4pital des enfants de Toulouse. Aid\u00e9 par H\u00f4pital Sourire, ce projet est la r\u00e9alisation d&rsquo;un magazine t\u00e9l\u00e9vis\u00e9 diffus\u00e9 sur T\u00e9l\u00e9 Tam-Tam. Cette \u00e9mission est anim\u00e9e par des marionnettes virtuelles cr\u00e9\u00e9es et anim\u00e9es par les &hellip; <a href=\"http:\/\/studio-animacao.net\/blogo\/magnet\/\">Continuer la lecture <span class=\"meta-nav\">&rarr;<\/span><\/a><\/p>\n","protected":false},"author":1,"featured_media":88,"parent":0,"menu_order":0,"comment_status":"closed","ping_status":"open","template":"","meta":[],"yoast_head":"<!-- This site is optimized with the Yoast SEO plugin v20.9 - https:\/\/yoast.com\/wordpress\/plugins\/seo\/ -->\n<title>MAG&#039;NET - Le BLOGO d&#039;Anima\u00e7\u00e3o<\/title>\n<meta name=\"robots\" content=\"index, follow, max-snippet:-1, max-image-preview:large, max-video-preview:-1\" \/>\n<link rel=\"canonical\" href=\"http:\/\/studio-animacao.net\/blogo\/magnet\/\" \/>\n<meta property=\"og:locale\" content=\"fr_FR\" \/>\n<meta property=\"og:type\" content=\"article\" \/>\n<meta property=\"og:title\" content=\"MAG&#039;NET - Le BLOGO d&#039;Anima\u00e7\u00e3o\" \/>\n<meta property=\"og:description\" content=\"Mag&rsquo;net est le nouveau projet d&rsquo;Anima\u00e7\u00e3o l&rsquo;h\u00f4pital des enfants de Toulouse. Aid\u00e9 par H\u00f4pital Sourire, ce projet est la r\u00e9alisation d&rsquo;un magazine t\u00e9l\u00e9vis\u00e9 diffus\u00e9 sur T\u00e9l\u00e9 Tam-Tam. Cette \u00e9mission est anim\u00e9e par des marionnettes virtuelles cr\u00e9\u00e9es et anim\u00e9es par les &hellip; Continuer la lecture &rarr;\" \/>\n<meta property=\"og:url\" content=\"http:\/\/studio-animacao.net\/blogo\/magnet\/\" \/>\n<meta property=\"og:site_name\" content=\"Le BLOGO d&#039;Anima\u00e7\u00e3o\" \/>\n<meta property=\"article:publisher\" content=\"https:\/\/www.facebook.com\/associationAnimacao\" \/>\n<meta property=\"article:modified_time\" content=\"2014-12-10T17:14:04+00:00\" \/>\n<meta property=\"og:image\" content=\"http:\/\/studio-animacao.net\/blogo\/wp-content\/uploads\/2013\/09\/bando.jpg\" \/>\n\t<meta property=\"og:image:width\" content=\"800\" \/>\n\t<meta property=\"og:image:height\" content=\"400\" \/>\n\t<meta property=\"og:image:type\" content=\"image\/jpeg\" \/>\n<meta name=\"twitter:card\" content=\"summary_large_image\" \/>\n<meta name=\"twitter:label1\" content=\"Dur\u00e9e de lecture estim\u00e9e\" \/>\n\t<meta name=\"twitter:data1\" content=\"1 minute\" \/>\n<script type=\"application\/ld+json\" class=\"yoast-schema-graph\">{\"@context\":\"https:\/\/schema.org\",\"@graph\":[{\"@type\":\"WebPage\",\"@id\":\"http:\/\/studio-animacao.net\/blogo\/magnet\/\",\"url\":\"http:\/\/studio-animacao.net\/blogo\/magnet\/\",\"name\":\"MAG'NET - Le BLOGO d&#039;Anima\u00e7\u00e3o\",\"isPartOf\":{\"@id\":\"http:\/\/studio-animacao.net\/blogo\/#website\"},\"datePublished\":\"2013-09-12T16:12:19+00:00\",\"dateModified\":\"2014-12-10T17:14:04+00:00\",\"breadcrumb\":{\"@id\":\"http:\/\/studio-animacao.net\/blogo\/magnet\/#breadcrumb\"},\"inLanguage\":\"fr-FR\",\"potentialAction\":[{\"@type\":\"ReadAction\",\"target\":[\"http:\/\/studio-animacao.net\/blogo\/magnet\/\"]}]},{\"@type\":\"BreadcrumbList\",\"@id\":\"http:\/\/studio-animacao.net\/blogo\/magnet\/#breadcrumb\",\"itemListElement\":[{\"@type\":\"ListItem\",\"position\":1,\"name\":\"Accueil\",\"item\":\"http:\/\/studio-animacao.net\/blogo\/\"},{\"@type\":\"ListItem\",\"position\":2,\"name\":\"MAG&rsquo;NET\"}]},{\"@type\":\"WebSite\",\"@id\":\"http:\/\/studio-animacao.net\/blogo\/#website\",\"url\":\"http:\/\/studio-animacao.net\/blogo\/\",\"name\":\"Le BLOGO d'Anima\u00e7\u00e3o\",\"description\":\"le BLOGO des marios (net ou pas)\",\"publisher\":{\"@id\":\"http:\/\/studio-animacao.net\/blogo\/#organization\"},\"potentialAction\":[{\"@type\":\"SearchAction\",\"target\":{\"@type\":\"EntryPoint\",\"urlTemplate\":\"http:\/\/studio-animacao.net\/blogo\/?s={search_term_string}\"},\"query-input\":\"required name=search_term_string\"}],\"inLanguage\":\"fr-FR\"},{\"@type\":\"Organization\",\"@id\":\"http:\/\/studio-animacao.net\/blogo\/#organization\",\"name\":\"Le BLOGO d'Anima\u00e7\u00e3o\",\"url\":\"http:\/\/studio-animacao.net\/blogo\/\",\"logo\":{\"@type\":\"ImageObject\",\"inLanguage\":\"fr-FR\",\"@id\":\"http:\/\/studio-animacao.net\/blogo\/#\/schema\/logo\/image\/\",\"url\":\"http:\/\/studio-animacao.net\/blogo\/wp-content\/uploads\/2023\/06\/Animlogo.jpg\",\"contentUrl\":\"http:\/\/studio-animacao.net\/blogo\/wp-content\/uploads\/2023\/06\/Animlogo.jpg\",\"width\":400,\"height\":227,\"caption\":\"Le BLOGO d'Anima\u00e7\u00e3o\"},\"image\":{\"@id\":\"http:\/\/studio-animacao.net\/blogo\/#\/schema\/logo\/image\/\"},\"sameAs\":[\"https:\/\/www.facebook.com\/associationAnimacao\",\"https:\/\/www.instagram.com\/associationanimacao\/\"]}]}<\/script>\n<!-- \/ Yoast SEO plugin. -->","yoast_head_json":{"title":"MAG'NET - Le BLOGO d&#039;Anima\u00e7\u00e3o","robots":{"index":"index","follow":"follow","max-snippet":"max-snippet:-1","max-image-preview":"max-image-preview:large","max-video-preview":"max-video-preview:-1"},"canonical":"http:\/\/studio-animacao.net\/blogo\/magnet\/","og_locale":"fr_FR","og_type":"article","og_title":"MAG'NET - Le BLOGO d&#039;Anima\u00e7\u00e3o","og_description":"Mag&rsquo;net est le nouveau projet d&rsquo;Anima\u00e7\u00e3o l&rsquo;h\u00f4pital des enfants de Toulouse. Aid\u00e9 par H\u00f4pital Sourire, ce projet est la r\u00e9alisation d&rsquo;un magazine t\u00e9l\u00e9vis\u00e9 diffus\u00e9 sur T\u00e9l\u00e9 Tam-Tam. Cette \u00e9mission est anim\u00e9e par des marionnettes virtuelles cr\u00e9\u00e9es et anim\u00e9es par les &hellip; Continuer la lecture &rarr;","og_url":"http:\/\/studio-animacao.net\/blogo\/magnet\/","og_site_name":"Le BLOGO d&#039;Anima\u00e7\u00e3o","article_publisher":"https:\/\/www.facebook.com\/associationAnimacao","article_modified_time":"2014-12-10T17:14:04+00:00","og_image":[{"width":"800","height":"400","url":"http:\/\/studio-animacao.net\/blogo\/wp-content\/uploads\/2013\/09\/bando.jpg","type":"image\/jpeg"}],"twitter_card":"summary_large_image","twitter_misc":{"Dur\u00e9e de lecture estim\u00e9e":"1 minute"},"schema":{"@context":"https:\/\/schema.org","@graph":[{"@type":"WebPage","@id":"http:\/\/studio-animacao.net\/blogo\/magnet\/","url":"http:\/\/studio-animacao.net\/blogo\/magnet\/","name":"MAG'NET - Le BLOGO d&#039;Anima\u00e7\u00e3o","isPartOf":{"@id":"http:\/\/studio-animacao.net\/blogo\/#website"},"datePublished":"2013-09-12T16:12:19+00:00","dateModified":"2014-12-10T17:14:04+00:00","breadcrumb":{"@id":"http:\/\/studio-animacao.net\/blogo\/magnet\/#breadcrumb"},"inLanguage":"fr-FR","potentialAction":[{"@type":"ReadAction","target":["http:\/\/studio-animacao.net\/blogo\/magnet\/"]}]},{"@type":"BreadcrumbList","@id":"http:\/\/studio-animacao.net\/blogo\/magnet\/#breadcrumb","itemListElement":[{"@type":"ListItem","position":1,"name":"Accueil","item":"http:\/\/studio-animacao.net\/blogo\/"},{"@type":"ListItem","position":2,"name":"MAG&rsquo;NET"}]},{"@type":"WebSite","@id":"http:\/\/studio-animacao.net\/blogo\/#website","url":"http:\/\/studio-animacao.net\/blogo\/","name":"Le BLOGO d'Anima\u00e7\u00e3o","description":"le BLOGO des marios (net ou pas)","publisher":{"@id":"http:\/\/studio-animacao.net\/blogo\/#organization"},"potentialAction":[{"@type":"SearchAction","target":{"@type":"EntryPoint","urlTemplate":"http:\/\/studio-animacao.net\/blogo\/?s={search_term_string}"},"query-input":"required name=search_term_string"}],"inLanguage":"fr-FR"},{"@type":"Organization","@id":"http:\/\/studio-animacao.net\/blogo\/#organization","name":"Le BLOGO d'Anima\u00e7\u00e3o","url":"http:\/\/studio-animacao.net\/blogo\/","logo":{"@type":"ImageObject","inLanguage":"fr-FR","@id":"http:\/\/studio-animacao.net\/blogo\/#\/schema\/logo\/image\/","url":"http:\/\/studio-animacao.net\/blogo\/wp-content\/uploads\/2023\/06\/Animlogo.jpg","contentUrl":"http:\/\/studio-animacao.net\/blogo\/wp-content\/uploads\/2023\/06\/Animlogo.jpg","width":400,"height":227,"caption":"Le BLOGO d'Anima\u00e7\u00e3o"},"image":{"@id":"http:\/\/studio-animacao.net\/blogo\/#\/schema\/logo\/image\/"},"sameAs":["https:\/\/www.facebook.com\/associationAnimacao","https:\/\/www.instagram.com\/associationanimacao\/"]}]}},"_links":{"self":[{"href":"http:\/\/studio-animacao.net\/blogo\/wp-json\/wp\/v2\/pages\/87"}],"collection":[{"href":"http:\/\/studio-animacao.net\/blogo\/wp-json\/wp\/v2\/pages"}],"about":[{"href":"http:\/\/studio-animacao.net\/blogo\/wp-json\/wp\/v2\/types\/page"}],"author":[{"embeddable":true,"href":"http:\/\/studio-animacao.net\/blogo\/wp-json\/wp\/v2\/users\/1"}],"replies":[{"embeddable":true,"href":"http:\/\/studio-animacao.net\/blogo\/wp-json\/wp\/v2\/comments?post=87"}],"version-history":[{"count":15,"href":"http:\/\/studio-animacao.net\/blogo\/wp-json\/wp\/v2\/pages\/87\/revisions"}],"predecessor-version":[{"id":351,"href":"http:\/\/studio-animacao.net\/blogo\/wp-json\/wp\/v2\/pages\/87\/revisions\/351"}],"wp:featuredmedia":[{"embeddable":true,"href":"http:\/\/studio-animacao.net\/blogo\/wp-json\/wp\/v2\/media\/88"}],"wp:attachment":[{"href":"http:\/\/studio-animacao.net\/blogo\/wp-json\/wp\/v2\/media?parent=87"}],"curies":[{"name":"wp","href":"https:\/\/api.w.org\/{rel}","templated":true}]}}