{"id":2,"date":"2012-09-26T20:26:38","date_gmt":"2012-09-26T20:26:38","guid":{"rendered":"http:\/\/studio-animacao.net\/blogo\/\/?page_id=2"},"modified":"2025-01-14T16:31:47","modified_gmt":"2025-01-14T15:31:47","slug":"about","status":"publish","type":"page","link":"https:\/\/studio-animacao.net\/blogo\/about\/","title":{"rendered":"C KWA \u00e7a?"},"content":{"rendered":"<p><a href=\"http:\/\/studio-animacao.net\/blogo\/about\/cartetexte\/\" rel=\"attachment wp-att-41\"><img decoding=\"async\" loading=\"lazy\" class=\"size-medium wp-image-41 aligncenter\" title=\"cartetexte\" src=\"http:\/\/studio-animacao.net\/blogo\/wp-content\/uploads\/2012\/09\/cartetexte-300x212.jpg\" alt=\"main'z\u00e9'capteurs\" width=\"300\" height=\"212\" srcset=\"https:\/\/studio-animacao.net\/blogo\/wp-content\/uploads\/2012\/09\/cartetexte-300x212.jpg 300w, https:\/\/studio-animacao.net\/blogo\/wp-content\/uploads\/2012\/09\/cartetexte.jpg 606w\" sizes=\"(max-width: 300px) 100vw, 300px\" \/><\/a><\/p>\n<p>L&rsquo;association Anima\u00e7\u00e3o propose de mixer toutes les techniques de marionnettes des plus traditionnelles aux plus num\u00e9riques \ud83d\ude09<\/p>\n<p>Sous la forme d&rsquo;ateliers p\u00e9dagogiques, de spectacles, de performances et d&rsquo;installations, l&rsquo;association va \u00e0 la rencontre de tous les publics et recherche les collaborations avec diff\u00e9rents artistes et scientifiques.<\/p>\n<p>D\u00e9couvrez d&rsquo;autres r\u00e9alisations sur le site : <a href=\"http:\/\/www.studio-animacao.net\" target=\"_blank\" rel=\"noopener noreferrer\">www.studio-animacao.net<\/a><\/p>\n<p style=\"text-align: center;\"><iframe loading=\"lazy\" src=\"\/\/player.vimeo.com\/video\/30720964?byline=0&amp;portrait=0\" width=\"300\" height=\"240\" frameborder=\"0\" allowfullscreen=\"allowfullscreen\"><\/iframe><\/p>\n<p style=\"text-align: center;\"><iframe loading=\"lazy\" src=\"\/\/player.vimeo.com\/video\/30721123?byline=0&amp;portrait=0\" width=\"300\" height=\"240\" frameborder=\"0\" allowfullscreen=\"allowfullscreen\"><\/iframe><\/p>\n<p>Pour nous contacter : <strong>asso.animacao@gmail.com\u00a0 <\/strong>ou<strong> 07 85 85 32 60<\/strong><\/p>\n<p>\u00a0<\/p>\n<p style=\"text-align: center;\">\u00a0<\/p>\n\n<div class=\"wp-block-image\">\n<figure class=\"aligncenter is-resized\"><a href=\"https:\/\/www.facebook.com\/associationAnimacao\" target=\"_blank\" rel=\"noreferrer noopener\"><img decoding=\"async\" loading=\"lazy\" src=\"http:\/\/studio-animacao.net\/blogo\/wp-content\/uploads\/2019\/10\/f_logo_RGB-Hex-Blue_512-4.png\" alt=\"\" class=\"wp-image-1729\" width=\"128\" height=\"128\" srcset=\"https:\/\/studio-animacao.net\/blogo\/wp-content\/uploads\/2019\/10\/f_logo_RGB-Hex-Blue_512-4.png 512w, https:\/\/studio-animacao.net\/blogo\/wp-content\/uploads\/2019\/10\/f_logo_RGB-Hex-Blue_512-4-150x150.png 150w, https:\/\/studio-animacao.net\/blogo\/wp-content\/uploads\/2019\/10\/f_logo_RGB-Hex-Blue_512-4-300x300.png 300w\" sizes=\"(max-width: 128px) 100vw, 128px\" \/><\/a><\/figure><\/div>\n\n<div class=\"wp-block-image\">\n<figure class=\"aligncenter is-resized\"><a href=\"https:\/\/www.instagram.com\/associationanimacao\/\" target=\"_blank\" rel=\"noreferrer noopener\"><img decoding=\"async\" loading=\"lazy\" src=\"http:\/\/studio-animacao.net\/blogo\/wp-content\/uploads\/2019\/10\/instagramtit-1.jpg\" alt=\"\" class=\"wp-image-1730\" width=\"142\" height=\"141\" srcset=\"https:\/\/studio-animacao.net\/blogo\/wp-content\/uploads\/2019\/10\/instagramtit-1.jpg 283w, https:\/\/studio-animacao.net\/blogo\/wp-content\/uploads\/2019\/10\/instagramtit-1-150x150.jpg 150w\" sizes=\"(max-width: 142px) 100vw, 142px\" \/><\/a><\/figure><\/div>\n\n\n<figure class=\"wp-block-image size-large is-resized\"><img decoding=\"async\" loading=\"lazy\" src=\"https:\/\/studio-animacao.net\/blogo\/wp-content\/uploads\/2025\/01\/Mastodon_logotype_simple_new_hue.svg_-1024x1024.png\" alt=\"\" class=\"wp-image-2726\" width=\"256\" height=\"256\" srcset=\"https:\/\/studio-animacao.net\/blogo\/wp-content\/uploads\/2025\/01\/Mastodon_logotype_simple_new_hue.svg_-1024x1024.png 1024w, https:\/\/studio-animacao.net\/blogo\/wp-content\/uploads\/2025\/01\/Mastodon_logotype_simple_new_hue.svg_-300x300.png 300w, https:\/\/studio-animacao.net\/blogo\/wp-content\/uploads\/2025\/01\/Mastodon_logotype_simple_new_hue.svg_-150x150.png 150w, https:\/\/studio-animacao.net\/blogo\/wp-content\/uploads\/2025\/01\/Mastodon_logotype_simple_new_hue.svg_-768x768.png 768w, https:\/\/studio-animacao.net\/blogo\/wp-content\/uploads\/2025\/01\/Mastodon_logotype_simple_new_hue.svg_.png 1200w\" sizes=\"(max-width: 256px) 100vw, 256px\" \/><\/figure>\n","protected":false},"excerpt":{"rendered":"<p>L&rsquo;association Anima\u00e7\u00e3o propose de mixer toutes les techniques de marionnettes des plus traditionnelles aux plus num\u00e9riques \ud83d\ude09 Sous la forme d&rsquo;ateliers p\u00e9dagogiques, de spectacles, de performances et d&rsquo;installations, l&rsquo;association va \u00e0 la rencontre de tous les publics et recherche les &hellip; <a href=\"https:\/\/studio-animacao.net\/blogo\/about\/\">Continuer la lecture <span class=\"meta-nav\">&rarr;<\/span><\/a><\/p>\n","protected":false},"author":1,"featured_media":0,"parent":0,"menu_order":1,"comment_status":"open","ping_status":"open","template":"","meta":[],"yoast_head":"<!-- This site is optimized with the Yoast SEO plugin v20.9 - https:\/\/yoast.com\/wordpress\/plugins\/seo\/ -->\n<title>C KWA \u00e7a? - Le BLOGO d&#039;Anima\u00e7\u00e3o<\/title>\n<meta name=\"robots\" content=\"index, follow, max-snippet:-1, max-image-preview:large, max-video-preview:-1\" \/>\n<link rel=\"canonical\" href=\"https:\/\/studio-animacao.net\/blogo\/about\/\" \/>\n<meta property=\"og:locale\" content=\"fr_FR\" \/>\n<meta property=\"og:type\" content=\"article\" \/>\n<meta property=\"og:title\" content=\"C KWA \u00e7a? - Le BLOGO d&#039;Anima\u00e7\u00e3o\" \/>\n<meta property=\"og:description\" content=\"L&rsquo;association Anima\u00e7\u00e3o propose de mixer toutes les techniques de marionnettes des plus traditionnelles aux plus num\u00e9riques \ud83d\ude09 Sous la forme d&rsquo;ateliers p\u00e9dagogiques, de spectacles, de performances et d&rsquo;installations, l&rsquo;association va \u00e0 la rencontre de tous les publics et recherche les &hellip; Continuer la lecture &rarr;\" \/>\n<meta property=\"og:url\" content=\"https:\/\/studio-animacao.net\/blogo\/about\/\" \/>\n<meta property=\"og:site_name\" content=\"Le BLOGO d&#039;Anima\u00e7\u00e3o\" \/>\n<meta property=\"article:publisher\" content=\"https:\/\/www.facebook.com\/associationAnimacao\" \/>\n<meta property=\"article:modified_time\" content=\"2025-01-14T15:31:47+00:00\" \/>\n<meta property=\"og:image\" content=\"http:\/\/studio-animacao.net\/blogo\/wp-content\/uploads\/2012\/09\/cartetexte-300x212.jpg\" \/>\n<meta name=\"twitter:card\" content=\"summary_large_image\" \/>\n<meta name=\"twitter:label1\" content=\"Dur\u00e9e de lecture estim\u00e9e\" \/>\n\t<meta name=\"twitter:data1\" content=\"2 minutes\" \/>\n<script type=\"application\/ld+json\" class=\"yoast-schema-graph\">{\"@context\":\"https:\/\/schema.org\",\"@graph\":[{\"@type\":\"WebPage\",\"@id\":\"https:\/\/studio-animacao.net\/blogo\/about\/\",\"url\":\"https:\/\/studio-animacao.net\/blogo\/about\/\",\"name\":\"C KWA \u00e7a? - Le BLOGO d&#039;Anima\u00e7\u00e3o\",\"isPartOf\":{\"@id\":\"http:\/\/studio-animacao.net\/blogo\/#website\"},\"datePublished\":\"2012-09-26T20:26:38+00:00\",\"dateModified\":\"2025-01-14T15:31:47+00:00\",\"breadcrumb\":{\"@id\":\"https:\/\/studio-animacao.net\/blogo\/about\/#breadcrumb\"},\"inLanguage\":\"fr-FR\",\"potentialAction\":[{\"@type\":\"ReadAction\",\"target\":[\"https:\/\/studio-animacao.net\/blogo\/about\/\"]}]},{\"@type\":\"BreadcrumbList\",\"@id\":\"https:\/\/studio-animacao.net\/blogo\/about\/#breadcrumb\",\"itemListElement\":[{\"@type\":\"ListItem\",\"position\":1,\"name\":\"Accueil\",\"item\":\"http:\/\/studio-animacao.net\/blogo\/\"},{\"@type\":\"ListItem\",\"position\":2,\"name\":\"C KWA \u00e7a?\"}]},{\"@type\":\"WebSite\",\"@id\":\"http:\/\/studio-animacao.net\/blogo\/#website\",\"url\":\"http:\/\/studio-animacao.net\/blogo\/\",\"name\":\"Le BLOGO d'Anima\u00e7\u00e3o\",\"description\":\"le BLOGO des marios (net ou pas)\",\"publisher\":{\"@id\":\"http:\/\/studio-animacao.net\/blogo\/#organization\"},\"potentialAction\":[{\"@type\":\"SearchAction\",\"target\":{\"@type\":\"EntryPoint\",\"urlTemplate\":\"http:\/\/studio-animacao.net\/blogo\/?s={search_term_string}\"},\"query-input\":\"required name=search_term_string\"}],\"inLanguage\":\"fr-FR\"},{\"@type\":\"Organization\",\"@id\":\"http:\/\/studio-animacao.net\/blogo\/#organization\",\"name\":\"Le BLOGO d'Anima\u00e7\u00e3o\",\"url\":\"http:\/\/studio-animacao.net\/blogo\/\",\"logo\":{\"@type\":\"ImageObject\",\"inLanguage\":\"fr-FR\",\"@id\":\"http:\/\/studio-animacao.net\/blogo\/#\/schema\/logo\/image\/\",\"url\":\"http:\/\/studio-animacao.net\/blogo\/wp-content\/uploads\/2023\/06\/Animlogo.jpg\",\"contentUrl\":\"http:\/\/studio-animacao.net\/blogo\/wp-content\/uploads\/2023\/06\/Animlogo.jpg\",\"width\":400,\"height\":227,\"caption\":\"Le BLOGO d'Anima\u00e7\u00e3o\"},\"image\":{\"@id\":\"http:\/\/studio-animacao.net\/blogo\/#\/schema\/logo\/image\/\"},\"sameAs\":[\"https:\/\/www.facebook.com\/associationAnimacao\",\"https:\/\/www.instagram.com\/associationanimacao\/\"]}]}<\/script>\n<!-- \/ Yoast SEO plugin. -->","yoast_head_json":{"title":"C KWA \u00e7a? - Le BLOGO d&#039;Anima\u00e7\u00e3o","robots":{"index":"index","follow":"follow","max-snippet":"max-snippet:-1","max-image-preview":"max-image-preview:large","max-video-preview":"max-video-preview:-1"},"canonical":"https:\/\/studio-animacao.net\/blogo\/about\/","og_locale":"fr_FR","og_type":"article","og_title":"C KWA \u00e7a? - Le BLOGO d&#039;Anima\u00e7\u00e3o","og_description":"L&rsquo;association Anima\u00e7\u00e3o propose de mixer toutes les techniques de marionnettes des plus traditionnelles aux plus num\u00e9riques \ud83d\ude09 Sous la forme d&rsquo;ateliers p\u00e9dagogiques, de spectacles, de performances et d&rsquo;installations, l&rsquo;association va \u00e0 la rencontre de tous les publics et recherche les &hellip; Continuer la lecture &rarr;","og_url":"https:\/\/studio-animacao.net\/blogo\/about\/","og_site_name":"Le BLOGO d&#039;Anima\u00e7\u00e3o","article_publisher":"https:\/\/www.facebook.com\/associationAnimacao","article_modified_time":"2025-01-14T15:31:47+00:00","og_image":[{"url":"http:\/\/studio-animacao.net\/blogo\/wp-content\/uploads\/2012\/09\/cartetexte-300x212.jpg"}],"twitter_card":"summary_large_image","twitter_misc":{"Dur\u00e9e de lecture estim\u00e9e":"2 minutes"},"schema":{"@context":"https:\/\/schema.org","@graph":[{"@type":"WebPage","@id":"https:\/\/studio-animacao.net\/blogo\/about\/","url":"https:\/\/studio-animacao.net\/blogo\/about\/","name":"C KWA \u00e7a? - Le BLOGO d&#039;Anima\u00e7\u00e3o","isPartOf":{"@id":"http:\/\/studio-animacao.net\/blogo\/#website"},"datePublished":"2012-09-26T20:26:38+00:00","dateModified":"2025-01-14T15:31:47+00:00","breadcrumb":{"@id":"https:\/\/studio-animacao.net\/blogo\/about\/#breadcrumb"},"inLanguage":"fr-FR","potentialAction":[{"@type":"ReadAction","target":["https:\/\/studio-animacao.net\/blogo\/about\/"]}]},{"@type":"BreadcrumbList","@id":"https:\/\/studio-animacao.net\/blogo\/about\/#breadcrumb","itemListElement":[{"@type":"ListItem","position":1,"name":"Accueil","item":"http:\/\/studio-animacao.net\/blogo\/"},{"@type":"ListItem","position":2,"name":"C KWA \u00e7a?"}]},{"@type":"WebSite","@id":"http:\/\/studio-animacao.net\/blogo\/#website","url":"http:\/\/studio-animacao.net\/blogo\/","name":"Le BLOGO d'Anima\u00e7\u00e3o","description":"le BLOGO des marios (net ou pas)","publisher":{"@id":"http:\/\/studio-animacao.net\/blogo\/#organization"},"potentialAction":[{"@type":"SearchAction","target":{"@type":"EntryPoint","urlTemplate":"http:\/\/studio-animacao.net\/blogo\/?s={search_term_string}"},"query-input":"required name=search_term_string"}],"inLanguage":"fr-FR"},{"@type":"Organization","@id":"http:\/\/studio-animacao.net\/blogo\/#organization","name":"Le BLOGO d'Anima\u00e7\u00e3o","url":"http:\/\/studio-animacao.net\/blogo\/","logo":{"@type":"ImageObject","inLanguage":"fr-FR","@id":"http:\/\/studio-animacao.net\/blogo\/#\/schema\/logo\/image\/","url":"http:\/\/studio-animacao.net\/blogo\/wp-content\/uploads\/2023\/06\/Animlogo.jpg","contentUrl":"http:\/\/studio-animacao.net\/blogo\/wp-content\/uploads\/2023\/06\/Animlogo.jpg","width":400,"height":227,"caption":"Le BLOGO d'Anima\u00e7\u00e3o"},"image":{"@id":"http:\/\/studio-animacao.net\/blogo\/#\/schema\/logo\/image\/"},"sameAs":["https:\/\/www.facebook.com\/associationAnimacao","https:\/\/www.instagram.com\/associationanimacao\/"]}]}},"_links":{"self":[{"href":"https:\/\/studio-animacao.net\/blogo\/wp-json\/wp\/v2\/pages\/2"}],"collection":[{"href":"https:\/\/studio-animacao.net\/blogo\/wp-json\/wp\/v2\/pages"}],"about":[{"href":"https:\/\/studio-animacao.net\/blogo\/wp-json\/wp\/v2\/types\/page"}],"author":[{"embeddable":true,"href":"https:\/\/studio-animacao.net\/blogo\/wp-json\/wp\/v2\/users\/1"}],"replies":[{"embeddable":true,"href":"https:\/\/studio-animacao.net\/blogo\/wp-json\/wp\/v2\/comments?post=2"}],"version-history":[{"count":19,"href":"https:\/\/studio-animacao.net\/blogo\/wp-json\/wp\/v2\/pages\/2\/revisions"}],"predecessor-version":[{"id":2727,"href":"https:\/\/studio-animacao.net\/blogo\/wp-json\/wp\/v2\/pages\/2\/revisions\/2727"}],"wp:attachment":[{"href":"https:\/\/studio-animacao.net\/blogo\/wp-json\/wp\/v2\/media?parent=2"}],"curies":[{"name":"wp","href":"https:\/\/api.w.org\/{rel}","templated":true}]}}