{"id":25,"date":"2012-09-27T15:50:37","date_gmt":"2012-09-27T13:50:37","guid":{"rendered":"http:\/\/studio-animacao.net\/blogo\/?page_id=25"},"modified":"2019-10-11T17:05:30","modified_gmt":"2019-10-11T15:05:30","slug":"en-ateliers","status":"publish","type":"page","link":"https:\/\/studio-animacao.net\/blogo\/en-ateliers\/","title":{"rendered":"En ateliers"},"content":{"rendered":"<p><a href=\"http:\/\/studio-animacao.net\/blogo\/wp-content\/uploads\/2014\/04\/bpubagroupe.jpg\"><img decoding=\"async\" loading=\"lazy\" class=\"alignnone wp-image-193 size-thumbnail\" src=\"http:\/\/studio-animacao.net\/blogo\/wp-content\/uploads\/2014\/04\/bpubagroupe-150x150.jpg\" alt=\"bpubagroupe\" width=\"150\" height=\"150\" \/><\/a> <a href=\"http:\/\/studio-animacao.net\/blogo\/wp-content\/uploads\/2014\/07\/2jourpieuvre.jpg\"><img decoding=\"async\" loading=\"lazy\" class=\"alignnone wp-image-230 size-thumbnail\" src=\"http:\/\/studio-animacao.net\/blogo\/wp-content\/uploads\/2014\/07\/2jourpieuvre-150x150.jpg\" alt=\"2jourpieuvre\" width=\"150\" height=\"150\" \/><\/a> <a href=\"http:\/\/studio-animacao.net\/blogo\/wp-content\/uploads\/2014\/07\/tournagejour1fin2.jpg\"><img decoding=\"async\" loading=\"lazy\" class=\"alignnone wp-image-238 size-thumbnail\" src=\"http:\/\/studio-animacao.net\/blogo\/wp-content\/uploads\/2014\/07\/tournagejour1fin2-150x150.jpg\" alt=\"tournagejour1fin2\" width=\"150\" height=\"150\" \/><\/a> <a href=\"http:\/\/studio-animacao.net\/blogo\/wp-content\/uploads\/2014\/07\/dessinfin4.jpg\"><img decoding=\"async\" loading=\"lazy\" class=\"alignnone wp-image-264 size-thumbnail\" src=\"http:\/\/studio-animacao.net\/blogo\/wp-content\/uploads\/2014\/07\/dessinfin4-150x150.jpg\" alt=\"dessinfin4\" width=\"150\" height=\"150\" \/><\/a> <a href=\"http:\/\/studio-animacao.net\/blogo\/wp-content\/uploads\/2014\/10\/route3.jpg\"><img decoding=\"async\" loading=\"lazy\" class=\"alignnone wp-image-303 size-thumbnail\" src=\"http:\/\/studio-animacao.net\/blogo\/wp-content\/uploads\/2014\/10\/route3-150x150.jpg\" alt=\"OLYMPUS DIGITAL CAMERA\" width=\"150\" height=\"150\" \/><\/a> <a href=\"http:\/\/studio-animacao.net\/blogo\/wp-content\/uploads\/2013\/09\/gm2girl.jpg\"><img decoding=\"async\" loading=\"lazy\" class=\"alignnone wp-image-329 size-thumbnail\" src=\"http:\/\/studio-animacao.net\/blogo\/wp-content\/uploads\/2013\/09\/gm2girl-150x150.jpg\" alt=\"gm2girl\" width=\"150\" height=\"150\" \/><\/a> <a href=\"http:\/\/studio-animacao.net\/blogo\/wp-content\/uploads\/2013\/09\/mocapierrick10.jpg\"><img decoding=\"async\" loading=\"lazy\" class=\"alignnone wp-image-328 size-thumbnail\" src=\"http:\/\/studio-animacao.net\/blogo\/wp-content\/uploads\/2013\/09\/mocapierrick10-150x150.jpg\" alt=\"mocapierrick10\" width=\"150\" height=\"150\" \/><\/a> <a href=\"http:\/\/studio-animacao.net\/blogo\/wp-content\/uploads\/2013\/09\/mocap9.jpg\"><img decoding=\"async\" loading=\"lazy\" class=\"alignnone wp-image-334 size-thumbnail\" src=\"http:\/\/studio-animacao.net\/blogo\/wp-content\/uploads\/2013\/09\/mocap9-150x150.jpg\" alt=\"mocap9\" width=\"150\" height=\"150\" \/><\/a><\/p>\n<p>Anima\u00e7\u00e3o propose de nombreux ateliers p\u00e9dagogiques pour petits, grands, moyens grands et tr\u00e8s grands. Vous retrouverez ici les propositions et ateliers en cours.<\/p>\n<p>Le projet <strong>MAGNET<\/strong> \u00e0 l&rsquo;h\u00f4pital des enfants de Toulouse, le projet <strong>Vivantes Masterpieces<\/strong>, <strong>MIR(EYE)<\/strong> l&rsquo;\u00e9mission sur le quartier du Mirail sont, entre autres, des projets artistiques qu&rsquo;Anima\u00e7\u00e3o a mis en place.<\/p>\n<p>Les passeport pour l&rsquo;Art de la Mairie de Toulouse \u00e9galement pour lesquels Anima\u00e7\u00e3o travaille avec des \u00e9coles toulousaines.<\/p>\n<p><a href=\"https:\/\/www.facebook.com\/pages\/Association-Anima%C3%A7%C3%A3o\/157558995473\" target=\"_blank\" rel=\"noopener noreferrer\"><img decoding=\"async\" loading=\"lazy\" class=\"aligncenter size-full wp-image-699\" src=\"http:\/\/studio-animacao.net\/blogo\/wp-content\/uploads\/2012\/09\/social_facebook_button_blue.png\" alt=\"social_facebook_button_blue\" width=\"128\" height=\"128\" \/><\/a><\/p>\n\n\n<div class=\"wp-block-image\"><figure class=\"aligncenter is-resized\"><a href=\"https:\/\/www.instagram.com\/associationanimacao\/\" target=\"_blank\" rel=\"noreferrer noopener\"><img decoding=\"async\" loading=\"lazy\" src=\"http:\/\/studio-animacao.net\/blogo\/wp-content\/uploads\/2019\/10\/instagramtit-2.jpg\" alt=\"\" class=\"wp-image-1733\" width=\"142\" height=\"141\" srcset=\"https:\/\/studio-animacao.net\/blogo\/wp-content\/uploads\/2019\/10\/instagramtit-2.jpg 283w, https:\/\/studio-animacao.net\/blogo\/wp-content\/uploads\/2019\/10\/instagramtit-2-150x150.jpg 150w\" sizes=\"(max-width: 142px) 100vw, 142px\" \/><\/a><\/figure><\/div>\n","protected":false},"excerpt":{"rendered":"<p>Anima\u00e7\u00e3o propose de nombreux ateliers p\u00e9dagogiques pour petits, grands, moyens grands et tr\u00e8s grands. Vous retrouverez ici les propositions et ateliers en cours. Le projet MAGNET \u00e0 l&rsquo;h\u00f4pital des enfants de Toulouse, le projet Vivantes Masterpieces, MIR(EYE) l&rsquo;\u00e9mission sur le &hellip; <a href=\"https:\/\/studio-animacao.net\/blogo\/en-ateliers\/\">Continuer la lecture <span class=\"meta-nav\">&rarr;<\/span><\/a><\/p>\n","protected":false},"author":1,"featured_media":0,"parent":0,"menu_order":0,"comment_status":"open","ping_status":"open","template":"","meta":[],"yoast_head":"<!-- This site is optimized with the Yoast SEO plugin v20.9 - https:\/\/yoast.com\/wordpress\/plugins\/seo\/ -->\n<title>En ateliers - Le BLOGO d&#039;Anima\u00e7\u00e3o<\/title>\n<meta name=\"robots\" content=\"index, follow, max-snippet:-1, max-image-preview:large, max-video-preview:-1\" \/>\n<link rel=\"canonical\" href=\"http:\/\/studio-animacao.net\/blogo\/en-ateliers\/\" \/>\n<meta property=\"og:locale\" content=\"fr_FR\" \/>\n<meta property=\"og:type\" content=\"article\" \/>\n<meta property=\"og:title\" content=\"En ateliers - Le BLOGO d&#039;Anima\u00e7\u00e3o\" \/>\n<meta property=\"og:description\" content=\"Anima\u00e7\u00e3o propose de nombreux ateliers p\u00e9dagogiques pour petits, grands, moyens grands et tr\u00e8s grands. Vous retrouverez ici les propositions et ateliers en cours. Le projet MAGNET \u00e0 l&rsquo;h\u00f4pital des enfants de Toulouse, le projet Vivantes Masterpieces, MIR(EYE) l&rsquo;\u00e9mission sur le &hellip; Continuer la lecture &rarr;\" \/>\n<meta property=\"og:url\" content=\"http:\/\/studio-animacao.net\/blogo\/en-ateliers\/\" \/>\n<meta property=\"og:site_name\" content=\"Le BLOGO d&#039;Anima\u00e7\u00e3o\" \/>\n<meta property=\"article:publisher\" content=\"https:\/\/www.facebook.com\/associationAnimacao\" \/>\n<meta property=\"article:modified_time\" content=\"2019-10-11T15:05:30+00:00\" \/>\n<meta property=\"og:image\" content=\"http:\/\/studio-animacao.net\/blogo\/wp-content\/uploads\/2014\/04\/bpubagroupe-150x150.jpg\" \/>\n<meta name=\"twitter:card\" content=\"summary_large_image\" \/>\n<script type=\"application\/ld+json\" class=\"yoast-schema-graph\">{\"@context\":\"https:\/\/schema.org\",\"@graph\":[{\"@type\":\"WebPage\",\"@id\":\"http:\/\/studio-animacao.net\/blogo\/en-ateliers\/\",\"url\":\"http:\/\/studio-animacao.net\/blogo\/en-ateliers\/\",\"name\":\"En ateliers - Le BLOGO d&#039;Anima\u00e7\u00e3o\",\"isPartOf\":{\"@id\":\"http:\/\/studio-animacao.net\/blogo\/#website\"},\"datePublished\":\"2012-09-27T13:50:37+00:00\",\"dateModified\":\"2019-10-11T15:05:30+00:00\",\"breadcrumb\":{\"@id\":\"http:\/\/studio-animacao.net\/blogo\/en-ateliers\/#breadcrumb\"},\"inLanguage\":\"fr-FR\",\"potentialAction\":[{\"@type\":\"ReadAction\",\"target\":[\"http:\/\/studio-animacao.net\/blogo\/en-ateliers\/\"]}]},{\"@type\":\"BreadcrumbList\",\"@id\":\"http:\/\/studio-animacao.net\/blogo\/en-ateliers\/#breadcrumb\",\"itemListElement\":[{\"@type\":\"ListItem\",\"position\":1,\"name\":\"Accueil\",\"item\":\"http:\/\/studio-animacao.net\/blogo\/\"},{\"@type\":\"ListItem\",\"position\":2,\"name\":\"En ateliers\"}]},{\"@type\":\"WebSite\",\"@id\":\"http:\/\/studio-animacao.net\/blogo\/#website\",\"url\":\"http:\/\/studio-animacao.net\/blogo\/\",\"name\":\"Le BLOGO d'Anima\u00e7\u00e3o\",\"description\":\"le BLOGO des marios (net ou pas)\",\"publisher\":{\"@id\":\"http:\/\/studio-animacao.net\/blogo\/#organization\"},\"potentialAction\":[{\"@type\":\"SearchAction\",\"target\":{\"@type\":\"EntryPoint\",\"urlTemplate\":\"http:\/\/studio-animacao.net\/blogo\/?s={search_term_string}\"},\"query-input\":\"required name=search_term_string\"}],\"inLanguage\":\"fr-FR\"},{\"@type\":\"Organization\",\"@id\":\"http:\/\/studio-animacao.net\/blogo\/#organization\",\"name\":\"Le BLOGO d'Anima\u00e7\u00e3o\",\"url\":\"http:\/\/studio-animacao.net\/blogo\/\",\"logo\":{\"@type\":\"ImageObject\",\"inLanguage\":\"fr-FR\",\"@id\":\"http:\/\/studio-animacao.net\/blogo\/#\/schema\/logo\/image\/\",\"url\":\"http:\/\/studio-animacao.net\/blogo\/wp-content\/uploads\/2023\/06\/Animlogo.jpg\",\"contentUrl\":\"http:\/\/studio-animacao.net\/blogo\/wp-content\/uploads\/2023\/06\/Animlogo.jpg\",\"width\":400,\"height\":227,\"caption\":\"Le BLOGO d'Anima\u00e7\u00e3o\"},\"image\":{\"@id\":\"http:\/\/studio-animacao.net\/blogo\/#\/schema\/logo\/image\/\"},\"sameAs\":[\"https:\/\/www.facebook.com\/associationAnimacao\",\"https:\/\/www.instagram.com\/associationanimacao\/\"]}]}<\/script>\n<!-- \/ Yoast SEO plugin. -->","yoast_head_json":{"title":"En ateliers - Le BLOGO d&#039;Anima\u00e7\u00e3o","robots":{"index":"index","follow":"follow","max-snippet":"max-snippet:-1","max-image-preview":"max-image-preview:large","max-video-preview":"max-video-preview:-1"},"canonical":"http:\/\/studio-animacao.net\/blogo\/en-ateliers\/","og_locale":"fr_FR","og_type":"article","og_title":"En ateliers - Le BLOGO d&#039;Anima\u00e7\u00e3o","og_description":"Anima\u00e7\u00e3o propose de nombreux ateliers p\u00e9dagogiques pour petits, grands, moyens grands et tr\u00e8s grands. Vous retrouverez ici les propositions et ateliers en cours. Le projet MAGNET \u00e0 l&rsquo;h\u00f4pital des enfants de Toulouse, le projet Vivantes Masterpieces, MIR(EYE) l&rsquo;\u00e9mission sur le &hellip; Continuer la lecture &rarr;","og_url":"http:\/\/studio-animacao.net\/blogo\/en-ateliers\/","og_site_name":"Le BLOGO d&#039;Anima\u00e7\u00e3o","article_publisher":"https:\/\/www.facebook.com\/associationAnimacao","article_modified_time":"2019-10-11T15:05:30+00:00","og_image":[{"url":"http:\/\/studio-animacao.net\/blogo\/wp-content\/uploads\/2014\/04\/bpubagroupe-150x150.jpg"}],"twitter_card":"summary_large_image","schema":{"@context":"https:\/\/schema.org","@graph":[{"@type":"WebPage","@id":"http:\/\/studio-animacao.net\/blogo\/en-ateliers\/","url":"http:\/\/studio-animacao.net\/blogo\/en-ateliers\/","name":"En ateliers - Le BLOGO d&#039;Anima\u00e7\u00e3o","isPartOf":{"@id":"http:\/\/studio-animacao.net\/blogo\/#website"},"datePublished":"2012-09-27T13:50:37+00:00","dateModified":"2019-10-11T15:05:30+00:00","breadcrumb":{"@id":"http:\/\/studio-animacao.net\/blogo\/en-ateliers\/#breadcrumb"},"inLanguage":"fr-FR","potentialAction":[{"@type":"ReadAction","target":["http:\/\/studio-animacao.net\/blogo\/en-ateliers\/"]}]},{"@type":"BreadcrumbList","@id":"http:\/\/studio-animacao.net\/blogo\/en-ateliers\/#breadcrumb","itemListElement":[{"@type":"ListItem","position":1,"name":"Accueil","item":"http:\/\/studio-animacao.net\/blogo\/"},{"@type":"ListItem","position":2,"name":"En ateliers"}]},{"@type":"WebSite","@id":"http:\/\/studio-animacao.net\/blogo\/#website","url":"http:\/\/studio-animacao.net\/blogo\/","name":"Le BLOGO d'Anima\u00e7\u00e3o","description":"le BLOGO des marios (net ou pas)","publisher":{"@id":"http:\/\/studio-animacao.net\/blogo\/#organization"},"potentialAction":[{"@type":"SearchAction","target":{"@type":"EntryPoint","urlTemplate":"http:\/\/studio-animacao.net\/blogo\/?s={search_term_string}"},"query-input":"required name=search_term_string"}],"inLanguage":"fr-FR"},{"@type":"Organization","@id":"http:\/\/studio-animacao.net\/blogo\/#organization","name":"Le BLOGO d'Anima\u00e7\u00e3o","url":"http:\/\/studio-animacao.net\/blogo\/","logo":{"@type":"ImageObject","inLanguage":"fr-FR","@id":"http:\/\/studio-animacao.net\/blogo\/#\/schema\/logo\/image\/","url":"http:\/\/studio-animacao.net\/blogo\/wp-content\/uploads\/2023\/06\/Animlogo.jpg","contentUrl":"http:\/\/studio-animacao.net\/blogo\/wp-content\/uploads\/2023\/06\/Animlogo.jpg","width":400,"height":227,"caption":"Le BLOGO d'Anima\u00e7\u00e3o"},"image":{"@id":"http:\/\/studio-animacao.net\/blogo\/#\/schema\/logo\/image\/"},"sameAs":["https:\/\/www.facebook.com\/associationAnimacao","https:\/\/www.instagram.com\/associationanimacao\/"]}]}},"_links":{"self":[{"href":"https:\/\/studio-animacao.net\/blogo\/wp-json\/wp\/v2\/pages\/25"}],"collection":[{"href":"https:\/\/studio-animacao.net\/blogo\/wp-json\/wp\/v2\/pages"}],"about":[{"href":"https:\/\/studio-animacao.net\/blogo\/wp-json\/wp\/v2\/types\/page"}],"author":[{"embeddable":true,"href":"https:\/\/studio-animacao.net\/blogo\/wp-json\/wp\/v2\/users\/1"}],"replies":[{"embeddable":true,"href":"https:\/\/studio-animacao.net\/blogo\/wp-json\/wp\/v2\/comments?post=25"}],"version-history":[{"count":4,"href":"https:\/\/studio-animacao.net\/blogo\/wp-json\/wp\/v2\/pages\/25\/revisions"}],"predecessor-version":[{"id":1734,"href":"https:\/\/studio-animacao.net\/blogo\/wp-json\/wp\/v2\/pages\/25\/revisions\/1734"}],"wp:attachment":[{"href":"https:\/\/studio-animacao.net\/blogo\/wp-json\/wp\/v2\/media?parent=25"}],"curies":[{"name":"wp","href":"https:\/\/api.w.org\/{rel}","templated":true}]}}