{"id":34,"date":"2012-09-27T16:15:09","date_gmt":"2012-09-27T14:15:09","guid":{"rendered":"http:\/\/studio-animacao.net\/blogo\/?page_id=34"},"modified":"2015-09-03T17:37:27","modified_gmt":"2015-09-03T15:37:27","slug":"mocap-oeira","status":"publish","type":"page","link":"https:\/\/studio-animacao.net\/blogo\/mocap-oeira\/","title":{"rendered":"MOCAP-oeira!"},"content":{"rendered":"<p>Anima\u00e7\u00e3o propose ses services dans le domaines de la capture de mouvements (MOCAP). Gr\u00e2ce \u00e0 un syst\u00e8me de capteurs magn\u00e9tiques, la petite \u00e9quipe r\u00e9cup\u00e8re les mouvements que vous souhaitez.<\/p>\n<p style=\"text-align: center;\"><iframe loading=\"lazy\" src=\"\/\/player.vimeo.com\/video\/32661849?byline=0&amp;portrait=0\" width=\"300\" height=\"240\" frameborder=\"0\" allowfullscreen=\"allowfullscreen\"><\/iframe><\/p>\n<p style=\"text-align: center;\"><iframe loading=\"lazy\" src=\"\/\/player.vimeo.com\/video\/19427358?byline=0&amp;portrait=0\" width=\"300\" height=\"240\" frameborder=\"0\" allowfullscreen=\"allowfullscreen\"><\/iframe><\/p>\n<p style=\"text-align: center;\"><iframe loading=\"lazy\" src=\"\/\/player.vimeo.com\/video\/8633487?byline=0&amp;portrait=0\" width=\"300\" height=\"225\" frameborder=\"0\" allowfullscreen=\"allowfullscreen\"><\/iframe><\/p>\n<p style=\"text-align: center;\"><a href=\"https:\/\/www.facebook.com\/pages\/Association-Anima%C3%A7%C3%A3o\/157558995473\" target=\"_blank\"><img decoding=\"async\" loading=\"lazy\" class=\"aligncenter size-full wp-image-699\" src=\"http:\/\/studio-animacao.net\/blogo\/wp-content\/uploads\/2012\/09\/social_facebook_button_blue.png\" alt=\"social_facebook_button_blue\" width=\"128\" height=\"128\" \/><\/a><\/p>\n","protected":false},"excerpt":{"rendered":"<p>Anima\u00e7\u00e3o propose ses services dans le domaines de la capture de mouvements (MOCAP). Gr\u00e2ce \u00e0 un syst\u00e8me de capteurs magn\u00e9tiques, la petite \u00e9quipe r\u00e9cup\u00e8re les mouvements que vous souhaitez.<\/p>\n","protected":false},"author":1,"featured_media":0,"parent":0,"menu_order":0,"comment_status":"open","ping_status":"open","template":"","meta":[],"yoast_head":"<!-- This site is optimized with the Yoast SEO plugin v20.9 - https:\/\/yoast.com\/wordpress\/plugins\/seo\/ -->\n<title>MOCAP-oeira! - Le BLOGO d&#039;Anima\u00e7\u00e3o<\/title>\n<meta name=\"robots\" content=\"index, follow, max-snippet:-1, max-image-preview:large, max-video-preview:-1\" \/>\n<link rel=\"canonical\" href=\"http:\/\/studio-animacao.net\/blogo\/mocap-oeira\/\" \/>\n<meta property=\"og:locale\" content=\"fr_FR\" \/>\n<meta property=\"og:type\" content=\"article\" \/>\n<meta property=\"og:title\" content=\"MOCAP-oeira! - Le BLOGO d&#039;Anima\u00e7\u00e3o\" \/>\n<meta property=\"og:description\" content=\"Anima\u00e7\u00e3o propose ses services dans le domaines de la capture de mouvements (MOCAP). Gr\u00e2ce \u00e0 un syst\u00e8me de capteurs magn\u00e9tiques, la petite \u00e9quipe r\u00e9cup\u00e8re les mouvements que vous souhaitez.\" \/>\n<meta property=\"og:url\" content=\"http:\/\/studio-animacao.net\/blogo\/mocap-oeira\/\" \/>\n<meta property=\"og:site_name\" content=\"Le BLOGO d&#039;Anima\u00e7\u00e3o\" \/>\n<meta property=\"article:publisher\" content=\"https:\/\/www.facebook.com\/associationAnimacao\" \/>\n<meta property=\"article:modified_time\" content=\"2015-09-03T15:37:27+00:00\" \/>\n<meta property=\"og:image\" content=\"http:\/\/studio-animacao.net\/blogo\/wp-content\/uploads\/2012\/09\/social_facebook_button_blue.png\" \/>\n<meta name=\"twitter:card\" content=\"summary_large_image\" \/>\n<script type=\"application\/ld+json\" class=\"yoast-schema-graph\">{\"@context\":\"https:\/\/schema.org\",\"@graph\":[{\"@type\":\"WebPage\",\"@id\":\"http:\/\/studio-animacao.net\/blogo\/mocap-oeira\/\",\"url\":\"http:\/\/studio-animacao.net\/blogo\/mocap-oeira\/\",\"name\":\"MOCAP-oeira! - Le BLOGO d&#039;Anima\u00e7\u00e3o\",\"isPartOf\":{\"@id\":\"http:\/\/studio-animacao.net\/blogo\/#website\"},\"datePublished\":\"2012-09-27T14:15:09+00:00\",\"dateModified\":\"2015-09-03T15:37:27+00:00\",\"breadcrumb\":{\"@id\":\"http:\/\/studio-animacao.net\/blogo\/mocap-oeira\/#breadcrumb\"},\"inLanguage\":\"fr-FR\",\"potentialAction\":[{\"@type\":\"ReadAction\",\"target\":[\"http:\/\/studio-animacao.net\/blogo\/mocap-oeira\/\"]}]},{\"@type\":\"BreadcrumbList\",\"@id\":\"http:\/\/studio-animacao.net\/blogo\/mocap-oeira\/#breadcrumb\",\"itemListElement\":[{\"@type\":\"ListItem\",\"position\":1,\"name\":\"Accueil\",\"item\":\"http:\/\/studio-animacao.net\/blogo\/\"},{\"@type\":\"ListItem\",\"position\":2,\"name\":\"MOCAP-oeira!\"}]},{\"@type\":\"WebSite\",\"@id\":\"http:\/\/studio-animacao.net\/blogo\/#website\",\"url\":\"http:\/\/studio-animacao.net\/blogo\/\",\"name\":\"Le BLOGO d'Anima\u00e7\u00e3o\",\"description\":\"le BLOGO des marios (net ou pas)\",\"publisher\":{\"@id\":\"http:\/\/studio-animacao.net\/blogo\/#organization\"},\"potentialAction\":[{\"@type\":\"SearchAction\",\"target\":{\"@type\":\"EntryPoint\",\"urlTemplate\":\"http:\/\/studio-animacao.net\/blogo\/?s={search_term_string}\"},\"query-input\":\"required name=search_term_string\"}],\"inLanguage\":\"fr-FR\"},{\"@type\":\"Organization\",\"@id\":\"http:\/\/studio-animacao.net\/blogo\/#organization\",\"name\":\"Le BLOGO d'Anima\u00e7\u00e3o\",\"url\":\"http:\/\/studio-animacao.net\/blogo\/\",\"logo\":{\"@type\":\"ImageObject\",\"inLanguage\":\"fr-FR\",\"@id\":\"http:\/\/studio-animacao.net\/blogo\/#\/schema\/logo\/image\/\",\"url\":\"http:\/\/studio-animacao.net\/blogo\/wp-content\/uploads\/2023\/06\/Animlogo.jpg\",\"contentUrl\":\"http:\/\/studio-animacao.net\/blogo\/wp-content\/uploads\/2023\/06\/Animlogo.jpg\",\"width\":400,\"height\":227,\"caption\":\"Le BLOGO d'Anima\u00e7\u00e3o\"},\"image\":{\"@id\":\"http:\/\/studio-animacao.net\/blogo\/#\/schema\/logo\/image\/\"},\"sameAs\":[\"https:\/\/www.facebook.com\/associationAnimacao\",\"https:\/\/www.instagram.com\/associationanimacao\/\"]}]}<\/script>\n<!-- \/ Yoast SEO plugin. -->","yoast_head_json":{"title":"MOCAP-oeira! - Le BLOGO d&#039;Anima\u00e7\u00e3o","robots":{"index":"index","follow":"follow","max-snippet":"max-snippet:-1","max-image-preview":"max-image-preview:large","max-video-preview":"max-video-preview:-1"},"canonical":"http:\/\/studio-animacao.net\/blogo\/mocap-oeira\/","og_locale":"fr_FR","og_type":"article","og_title":"MOCAP-oeira! - Le BLOGO d&#039;Anima\u00e7\u00e3o","og_description":"Anima\u00e7\u00e3o propose ses services dans le domaines de la capture de mouvements (MOCAP). Gr\u00e2ce \u00e0 un syst\u00e8me de capteurs magn\u00e9tiques, la petite \u00e9quipe r\u00e9cup\u00e8re les mouvements que vous souhaitez.","og_url":"http:\/\/studio-animacao.net\/blogo\/mocap-oeira\/","og_site_name":"Le BLOGO d&#039;Anima\u00e7\u00e3o","article_publisher":"https:\/\/www.facebook.com\/associationAnimacao","article_modified_time":"2015-09-03T15:37:27+00:00","og_image":[{"url":"http:\/\/studio-animacao.net\/blogo\/wp-content\/uploads\/2012\/09\/social_facebook_button_blue.png"}],"twitter_card":"summary_large_image","schema":{"@context":"https:\/\/schema.org","@graph":[{"@type":"WebPage","@id":"http:\/\/studio-animacao.net\/blogo\/mocap-oeira\/","url":"http:\/\/studio-animacao.net\/blogo\/mocap-oeira\/","name":"MOCAP-oeira! - Le BLOGO d&#039;Anima\u00e7\u00e3o","isPartOf":{"@id":"http:\/\/studio-animacao.net\/blogo\/#website"},"datePublished":"2012-09-27T14:15:09+00:00","dateModified":"2015-09-03T15:37:27+00:00","breadcrumb":{"@id":"http:\/\/studio-animacao.net\/blogo\/mocap-oeira\/#breadcrumb"},"inLanguage":"fr-FR","potentialAction":[{"@type":"ReadAction","target":["http:\/\/studio-animacao.net\/blogo\/mocap-oeira\/"]}]},{"@type":"BreadcrumbList","@id":"http:\/\/studio-animacao.net\/blogo\/mocap-oeira\/#breadcrumb","itemListElement":[{"@type":"ListItem","position":1,"name":"Accueil","item":"http:\/\/studio-animacao.net\/blogo\/"},{"@type":"ListItem","position":2,"name":"MOCAP-oeira!"}]},{"@type":"WebSite","@id":"http:\/\/studio-animacao.net\/blogo\/#website","url":"http:\/\/studio-animacao.net\/blogo\/","name":"Le BLOGO d'Anima\u00e7\u00e3o","description":"le BLOGO des marios (net ou pas)","publisher":{"@id":"http:\/\/studio-animacao.net\/blogo\/#organization"},"potentialAction":[{"@type":"SearchAction","target":{"@type":"EntryPoint","urlTemplate":"http:\/\/studio-animacao.net\/blogo\/?s={search_term_string}"},"query-input":"required name=search_term_string"}],"inLanguage":"fr-FR"},{"@type":"Organization","@id":"http:\/\/studio-animacao.net\/blogo\/#organization","name":"Le BLOGO d'Anima\u00e7\u00e3o","url":"http:\/\/studio-animacao.net\/blogo\/","logo":{"@type":"ImageObject","inLanguage":"fr-FR","@id":"http:\/\/studio-animacao.net\/blogo\/#\/schema\/logo\/image\/","url":"http:\/\/studio-animacao.net\/blogo\/wp-content\/uploads\/2023\/06\/Animlogo.jpg","contentUrl":"http:\/\/studio-animacao.net\/blogo\/wp-content\/uploads\/2023\/06\/Animlogo.jpg","width":400,"height":227,"caption":"Le BLOGO d'Anima\u00e7\u00e3o"},"image":{"@id":"http:\/\/studio-animacao.net\/blogo\/#\/schema\/logo\/image\/"},"sameAs":["https:\/\/www.facebook.com\/associationAnimacao","https:\/\/www.instagram.com\/associationanimacao\/"]}]}},"_links":{"self":[{"href":"https:\/\/studio-animacao.net\/blogo\/wp-json\/wp\/v2\/pages\/34"}],"collection":[{"href":"https:\/\/studio-animacao.net\/blogo\/wp-json\/wp\/v2\/pages"}],"about":[{"href":"https:\/\/studio-animacao.net\/blogo\/wp-json\/wp\/v2\/types\/page"}],"author":[{"embeddable":true,"href":"https:\/\/studio-animacao.net\/blogo\/wp-json\/wp\/v2\/users\/1"}],"replies":[{"embeddable":true,"href":"https:\/\/studio-animacao.net\/blogo\/wp-json\/wp\/v2\/comments?post=34"}],"version-history":[{"count":9,"href":"https:\/\/studio-animacao.net\/blogo\/wp-json\/wp\/v2\/pages\/34\/revisions"}],"predecessor-version":[{"id":713,"href":"https:\/\/studio-animacao.net\/blogo\/wp-json\/wp\/v2\/pages\/34\/revisions\/713"}],"wp:attachment":[{"href":"https:\/\/studio-animacao.net\/blogo\/wp-json\/wp\/v2\/media?parent=34"}],"curies":[{"name":"wp","href":"https:\/\/api.w.org\/{rel}","templated":true}]}}